{"id":8464,"date":"2024-08-18T22:15:25","date_gmt":"2024-08-18T22:15:25","guid":{"rendered":"https:\/\/lesc-sport.de\/location-teremeer\/?page_id=8464"},"modified":"2025-03-27T12:21:42","modified_gmt":"2025-03-27T12:21:42","slug":"wichtige-information","status":"publish","type":"page","link":"https:\/\/lesc-sport.de\/location-teremeer\/info-anmeldung-tennistraining\/","title":{"rendered":"<p style=\"color:black;\">Info\/Anmeldung<\/p>"},"content":{"rendered":"<section data-bb-version=\"5.0.1\" id=\"bt_bb_section69ea2036c0aa4\" class=\"bt_bb_section bt_bb_layout_boxed_1200\"  data-bt-override-class=\"null\"><div class=\"bt_bb_port\"><div class=\"bt_bb_cell\"><div class=\"bt_bb_cell_inner\"><div class=\"bt_bb_row \"  data-bt-override-class=\"{}\"><div class=\"bt_bb_row_holder\" ><div data-bb-version=\"5.0.1\"  class=\"bt_bb_column col-xxl-12 col-xl-12 col-xs-12 col-sm-12 col-md-12 col-lg-12 bt_bb_vertical_align_top bt_bb_align_left bt_bb_padding_normal\" style=\"; --column-width:12;\" data-width=\"12\" data-bt-override-class=\"{}\"><div class=\"bt_bb_column_content\"><div class=\"bt_bb_column_content_inner\"><div data-bb-version=\"5.0.1\"  class=\"bt_bb_text\" ><blockquote>\n<p>Herzliche willkommen! Sch\u00f6n, dass Du interessiert bist. Bitte f\u00fclle dieses Formular so gut wie m\u00f6glich aus. Wir werden uns so schnell wie m\u00f6glich mit Dir in Verbindung setzen. Wir freuen uns darauf, Dich bald auf dem Platz zu sehen.<\/p>\n<\/blockquote>\n<\/div><\/div><\/div><\/div><\/div><\/div><\/div><!-- cell_inner --><\/div><!-- cell --><\/div><!-- port --><\/section><section data-bb-version=\"5.0.1\" id=\"bt_bb_section69ea2036c0e48\" class=\"bt_bb_section bt_bb_layout_boxed_1200\"  data-bt-override-class=\"null\"><div class=\"bt_bb_port\"><div class=\"bt_bb_cell\"><div class=\"bt_bb_cell_inner\"><div class=\"bt_bb_row \"  data-bt-override-class=\"{}\"><div class=\"bt_bb_row_holder\" ><div data-bb-version=\"5.0.1\"  class=\"bt_bb_column col-xxl-12 col-xl-12 col-xs-12 col-sm-12 col-md-12 col-lg-12 bt_bb_vertical_align_top bt_bb_align_left bt_bb_padding_normal\" style=\"; --column-width:12;\" data-width=\"12\" data-bt-override-class=\"{}\"><div class=\"bt_bb_column_content\"><div class=\"bt_bb_column_content_inner\"><div class=\"bt_bb_shortcode\"><div class=\"wpforms-container wpforms-container-full\" id=\"wpforms-8458\"><form id=\"wpforms-form-8458\" class=\"wpforms-validate wpforms-form wpforms-ajax-form\" data-formid=\"8458\" method=\"post\" enctype=\"multipart\/form-data\" action=\"\/location-teremeer\/wp-json\/wp\/v2\/pages\/8464\" data-token=\"2372d6fafb5d436125aad4645f7be988\" data-token-time=\"1776951350\"><noscript class=\"wpforms-error-noscript\">Please enable JavaScript in your browser to complete this form.<\/noscript><div class=\"wpforms-field-container\"><div id=\"wpforms-8458-field_0-container\" class=\"wpforms-field wpforms-field-name\" data-field-id=\"0\"><label class=\"wpforms-field-label\">Name Eltern <\/label><div class=\"wpforms-field-row wpforms-field-medium\"><div class=\"wpforms-field-row-block wpforms-first wpforms-one-half\"><input type=\"text\" id=\"wpforms-8458-field_0\" class=\"wpforms-field-name-first\" name=\"wpforms[fields][0][first]\" ><label for=\"wpforms-8458-field_0\" class=\"wpforms-field-sublabel after\">First<\/label><\/div><div class=\"wpforms-field-row-block wpforms-one-half\"><input type=\"text\" id=\"wpforms-8458-field_0-last\" class=\"wpforms-field-name-last\" name=\"wpforms[fields][0][last]\" ><label for=\"wpforms-8458-field_0-last\" class=\"wpforms-field-sublabel after\">Last<\/label><\/div><\/div><\/div><div id=\"wpforms-8458-field_38-container\" class=\"wpforms-field wpforms-field-divider\" data-field-id=\"38\"><h3 id=\"wpforms-8458-field_38\">Kind \/ Erwachsene 1<\/h3><\/div><div id=\"wpforms-8458-field_4-container\" class=\"wpforms-field wpforms-field-checkbox\" data-field-id=\"4\"><label class=\"wpforms-field-label\">Zielgruppe  <span class=\"wpforms-required-label\">*<\/span><\/label><ul id=\"wpforms-8458-field_4\" class=\"wpforms-field-required\"><li class=\"choice-1 depth-1\"><input type=\"checkbox\" id=\"wpforms-8458-field_4_1\" name=\"wpforms[fields][4][]\" value=\"Bambini (2-5 Jahre)\" required ><label class=\"wpforms-field-label-inline\" for=\"wpforms-8458-field_4_1\">Bambini (2-5 Jahre)<\/label><\/li><li class=\"choice-3 depth-1\"><input type=\"checkbox\" id=\"wpforms-8458-field_4_3\" name=\"wpforms[fields][4][]\" value=\"Raupe (6-8 Jahre)\" required ><label class=\"wpforms-field-label-inline\" for=\"wpforms-8458-field_4_3\">Raupe (6-8 Jahre)<\/label><\/li><li class=\"choice-4 depth-1\"><input type=\"checkbox\" id=\"wpforms-8458-field_4_4\" name=\"wpforms[fields][4][]\" value=\"Jugend (9-17 Jahre)\" required ><label class=\"wpforms-field-label-inline\" for=\"wpforms-8458-field_4_4\">Jugend (9-17 Jahre)<\/label><\/li><li class=\"choice-2 depth-1\"><input type=\"checkbox\" id=\"wpforms-8458-field_4_2\" name=\"wpforms[fields][4][]\" value=\"Erwachsene\" required ><label class=\"wpforms-field-label-inline\" for=\"wpforms-8458-field_4_2\">Erwachsene<\/label><\/li><\/ul><\/div><div id=\"wpforms-8458-field_40-container\" class=\"wpforms-field wpforms-field-checkbox\" data-field-id=\"40\"><label class=\"wpforms-field-label\">Trainingsart <span class=\"wpforms-required-label\">*<\/span><\/label><ul id=\"wpforms-8458-field_40\" class=\"wpforms-field-required\"><li class=\"choice-1 depth-1\"><input type=\"checkbox\" id=\"wpforms-8458-field_40_1\" name=\"wpforms[fields][40][]\" value=\"Einzel\" required ><label class=\"wpforms-field-label-inline\" for=\"wpforms-8458-field_40_1\">Einzel<\/label><\/li><li class=\"choice-3 depth-1\"><input type=\"checkbox\" id=\"wpforms-8458-field_40_3\" name=\"wpforms[fields][40][]\" value=\"Gruppe\" required ><label class=\"wpforms-field-label-inline\" for=\"wpforms-8458-field_40_3\">Gruppe<\/label><\/li><\/ul><\/div><div id=\"wpforms-8458-field_16-container\" class=\"wpforms-field wpforms-field-name\" data-field-id=\"16\"><label class=\"wpforms-field-label\" for=\"wpforms-8458-field_16\">Name Kind \/ Erwachsene 1 <span class=\"wpforms-required-label\">*<\/span><\/label><input type=\"text\" id=\"wpforms-8458-field_16\" class=\"wpforms-field-medium wpforms-field-required\" name=\"wpforms[fields][16]\" required><\/div><div id=\"wpforms-8458-field_15-container\" class=\"wpforms-field wpforms-field-checkbox\" data-field-id=\"15\"><label class=\"wpforms-field-label\">Geschlecht <span class=\"wpforms-required-label\">*<\/span><\/label><ul id=\"wpforms-8458-field_15\" class=\"wpforms-field-required\"><li class=\"choice-1 depth-1\"><input type=\"checkbox\" id=\"wpforms-8458-field_15_1\" name=\"wpforms[fields][15][]\" value=\"Mann\" required ><label class=\"wpforms-field-label-inline\" for=\"wpforms-8458-field_15_1\">Mann<\/label><\/li><li class=\"choice-2 depth-1\"><input type=\"checkbox\" id=\"wpforms-8458-field_15_2\" name=\"wpforms[fields][15][]\" value=\"Frau\" required ><label class=\"wpforms-field-label-inline\" for=\"wpforms-8458-field_15_2\">Frau<\/label><\/li><\/ul><\/div><div id=\"wpforms-8458-field_3-container\" class=\"wpforms-field wpforms-field-text\" data-field-id=\"3\"><label class=\"wpforms-field-label\" for=\"wpforms-8458-field_3\">Geburtsdatum <span class=\"wpforms-required-label\">*<\/span><\/label><input type=\"text\" id=\"wpforms-8458-field_3\" class=\"wpforms-field-medium wpforms-field-required\" name=\"wpforms[fields][3]\" placeholder=\"05-12-2018\" required><\/div><div id=\"wpforms-8458-field_9-container\" class=\"wpforms-field wpforms-field-checkbox wpforms-list-inline\" data-field-id=\"9\"><label class=\"wpforms-field-label\">Tenniserfahrung <span class=\"wpforms-required-label\">*<\/span><\/label><ul id=\"wpforms-8458-field_9\" class=\"wpforms-field-required\"><li class=\"choice-4 depth-1\"><input type=\"checkbox\" id=\"wpforms-8458-field_9_4\" name=\"wpforms[fields][9][]\" value=\"Anf\u00e4nger\" required ><label class=\"wpforms-field-label-inline\" for=\"wpforms-8458-field_9_4\">Anf\u00e4nger<\/label><\/li><li class=\"choice-2 depth-1\"><input type=\"checkbox\" id=\"wpforms-8458-field_9_2\" name=\"wpforms[fields][9][]\" value=\"Leicht fortgeschritten\" required ><label class=\"wpforms-field-label-inline\" for=\"wpforms-8458-field_9_2\">Leicht fortgeschritten<\/label><\/li><li class=\"choice-3 depth-1\"><input type=\"checkbox\" id=\"wpforms-8458-field_9_3\" name=\"wpforms[fields][9][]\" value=\"Fortgeschritten\" required ><label class=\"wpforms-field-label-inline\" for=\"wpforms-8458-field_9_3\">Fortgeschritten<\/label><\/li><\/ul><\/div><div id=\"wpforms-8458-field_10-container\" class=\"wpforms-field wpforms-field-text\" data-field-id=\"10\"><label class=\"wpforms-field-label\" for=\"wpforms-8458-field_10\">Spielst\u00e4rke<\/label><input type=\"text\" id=\"wpforms-8458-field_10\" class=\"wpforms-field-medium\" name=\"wpforms[fields][10]\" ><\/div><div id=\"wpforms-8458-field_28-container\" class=\"wpforms-field wpforms-field-text\" data-field-id=\"28\"><label class=\"wpforms-field-label\" for=\"wpforms-8458-field_28\">Andere Sportarten  <span class=\"wpforms-required-label\">*<\/span><\/label><input type=\"text\" id=\"wpforms-8458-field_28\" class=\"wpforms-field-medium wpforms-field-required\" name=\"wpforms[fields][28]\" required><\/div><div id=\"wpforms-8458-field_33-container\" class=\"wpforms-field wpforms-field-divider\" data-field-id=\"33\"><h3 id=\"wpforms-8458-field_33\">Kind \/ Erwachsene 2<\/h3><\/div><div id=\"wpforms-8458-field_36-container\" class=\"wpforms-field wpforms-field-checkbox\" data-field-id=\"36\"><label class=\"wpforms-field-label\">Zielgruppe  <\/label><ul id=\"wpforms-8458-field_36\"><li class=\"choice-1 depth-1\"><input type=\"checkbox\" id=\"wpforms-8458-field_36_1\" name=\"wpforms[fields][36][]\" value=\"Bambini (2-5 Jahre)\"  ><label class=\"wpforms-field-label-inline\" for=\"wpforms-8458-field_36_1\">Bambini (2-5 Jahre)<\/label><\/li><li class=\"choice-3 depth-1\"><input type=\"checkbox\" id=\"wpforms-8458-field_36_3\" name=\"wpforms[fields][36][]\" value=\"Raupe (6-8 Jahre)\"  ><label class=\"wpforms-field-label-inline\" for=\"wpforms-8458-field_36_3\">Raupe (6-8 Jahre)<\/label><\/li><li class=\"choice-4 depth-1\"><input type=\"checkbox\" id=\"wpforms-8458-field_36_4\" name=\"wpforms[fields][36][]\" value=\"Jugend (9-17 Jahre)\"  ><label class=\"wpforms-field-label-inline\" for=\"wpforms-8458-field_36_4\">Jugend (9-17 Jahre)<\/label><\/li><li class=\"choice-2 depth-1\"><input type=\"checkbox\" id=\"wpforms-8458-field_36_2\" name=\"wpforms[fields][36][]\" value=\"Erwachsene\"  ><label class=\"wpforms-field-label-inline\" for=\"wpforms-8458-field_36_2\">Erwachsene<\/label><\/li><\/ul><\/div><div id=\"wpforms-8458-field_41-container\" class=\"wpforms-field wpforms-field-checkbox\" data-field-id=\"41\"><label class=\"wpforms-field-label\">Trainingsart <\/label><ul id=\"wpforms-8458-field_41\"><li class=\"choice-1 depth-1\"><input type=\"checkbox\" id=\"wpforms-8458-field_41_1\" name=\"wpforms[fields][41][]\" value=\"Einzel\"  ><label class=\"wpforms-field-label-inline\" for=\"wpforms-8458-field_41_1\">Einzel<\/label><\/li><li class=\"choice-3 depth-1\"><input type=\"checkbox\" id=\"wpforms-8458-field_41_3\" name=\"wpforms[fields][41][]\" value=\"Gruppe\"  ><label class=\"wpforms-field-label-inline\" for=\"wpforms-8458-field_41_3\">Gruppe<\/label><\/li><\/ul><\/div><div id=\"wpforms-8458-field_17-container\" class=\"wpforms-field wpforms-field-name\" data-field-id=\"17\"><label class=\"wpforms-field-label\" for=\"wpforms-8458-field_17\">Name Kind \/ Erwachsene 2<\/label><input type=\"text\" id=\"wpforms-8458-field_17\" class=\"wpforms-field-medium\" name=\"wpforms[fields][17]\" ><\/div><div id=\"wpforms-8458-field_21-container\" class=\"wpforms-field wpforms-field-checkbox\" data-field-id=\"21\"><label class=\"wpforms-field-label\">Geschlecht <\/label><ul id=\"wpforms-8458-field_21\"><li class=\"choice-1 depth-1\"><input type=\"checkbox\" id=\"wpforms-8458-field_21_1\" name=\"wpforms[fields][21][]\" value=\"Mann\"  ><label class=\"wpforms-field-label-inline\" for=\"wpforms-8458-field_21_1\">Mann<\/label><\/li><li class=\"choice-2 depth-1\"><input type=\"checkbox\" id=\"wpforms-8458-field_21_2\" name=\"wpforms[fields][21][]\" value=\"Frau\"  ><label class=\"wpforms-field-label-inline\" for=\"wpforms-8458-field_21_2\">Frau<\/label><\/li><\/ul><\/div>\t\t<div id=\"wpforms-8458-field_6-container\"\n\t\t\tclass=\"wpforms-field wpforms-field-text\"\n\t\t\tdata-field-type=\"text\"\n\t\t\tdata-field-id=\"6\"\n\t\t\t>\n\t\t\t<label class=\"wpforms-field-label\" for=\"wpforms-8458-field_6\" >folgenden Tenniserfahrung Geschlecht<\/label>\n\t\t\t<input type=\"text\" id=\"wpforms-8458-field_6\" class=\"wpforms-field-medium\" name=\"wpforms[fields][6]\" >\n\t\t<\/div>\n\t\t<div id=\"wpforms-8458-field_22-container\" class=\"wpforms-field wpforms-field-text\" data-field-id=\"22\"><label class=\"wpforms-field-label\" for=\"wpforms-8458-field_22\">Geburtsdatum <\/label><input type=\"text\" id=\"wpforms-8458-field_22\" class=\"wpforms-field-medium\" name=\"wpforms[fields][22]\" placeholder=\"05-12-2018\" ><\/div><div id=\"wpforms-8458-field_27-container\" class=\"wpforms-field wpforms-field-checkbox wpforms-list-inline\" data-field-id=\"27\"><label class=\"wpforms-field-label\">Tenniserfahrung<\/label><ul id=\"wpforms-8458-field_27\"><li class=\"choice-4 depth-1\"><input type=\"checkbox\" id=\"wpforms-8458-field_27_4\" name=\"wpforms[fields][27][]\" value=\"Anf\u00e4nger\"  ><label class=\"wpforms-field-label-inline\" for=\"wpforms-8458-field_27_4\">Anf\u00e4nger<\/label><\/li><li class=\"choice-2 depth-1\"><input type=\"checkbox\" id=\"wpforms-8458-field_27_2\" name=\"wpforms[fields][27][]\" value=\"Leicht fortgeschritten\"  ><label class=\"wpforms-field-label-inline\" for=\"wpforms-8458-field_27_2\">Leicht fortgeschritten<\/label><\/li><li class=\"choice-3 depth-1\"><input type=\"checkbox\" id=\"wpforms-8458-field_27_3\" name=\"wpforms[fields][27][]\" value=\"Fortgeschritten\"  ><label class=\"wpforms-field-label-inline\" for=\"wpforms-8458-field_27_3\">Fortgeschritten<\/label><\/li><\/ul><\/div><div id=\"wpforms-8458-field_31-container\" class=\"wpforms-field wpforms-field-text\" data-field-id=\"31\"><label class=\"wpforms-field-label\" for=\"wpforms-8458-field_31\">Spielst\u00e4rke<\/label><input type=\"text\" id=\"wpforms-8458-field_31\" class=\"wpforms-field-medium\" name=\"wpforms[fields][31]\" ><\/div><div id=\"wpforms-8458-field_26-container\" class=\"wpforms-field wpforms-field-text\" data-field-id=\"26\"><label class=\"wpforms-field-label\" for=\"wpforms-8458-field_26\">Andere Sportarten <\/label><input type=\"text\" id=\"wpforms-8458-field_26\" class=\"wpforms-field-medium\" name=\"wpforms[fields][26]\" ><\/div><div id=\"wpforms-8458-field_35-container\" class=\"wpforms-field wpforms-field-divider\" data-field-id=\"35\"><\/div><div id=\"wpforms-8458-field_5-container\" class=\"wpforms-field wpforms-field-phone\" data-field-id=\"5\"><label class=\"wpforms-field-label\" for=\"wpforms-8458-field_5\">Mobilnummer <span class=\"wpforms-required-label\">*<\/span><\/label><input type=\"tel\" id=\"wpforms-8458-field_5\" class=\"wpforms-field-medium wpforms-field-required wpforms-smart-phone-field\" data-rule-smart-phone-field=\"true\" name=\"wpforms[fields][5]\" aria-label=\"Mobilnummer\" required><\/div><div id=\"wpforms-8458-field_1-container\" class=\"wpforms-field wpforms-field-email\" data-field-id=\"1\"><label class=\"wpforms-field-label\" for=\"wpforms-8458-field_1\">E-mail <span class=\"wpforms-required-label\">*<\/span><\/label><input type=\"email\" id=\"wpforms-8458-field_1\" class=\"wpforms-field-medium wpforms-field-required\" name=\"wpforms[fields][1]\" spellcheck=\"false\" required><\/div><div id=\"wpforms-8458-field_25-container\" class=\"wpforms-field wpforms-field-checkbox\" data-field-id=\"25\"><label class=\"wpforms-field-label\">Die Eltern sind daran interessiert, mit dem Tennisspielen anzufangen, und m\u00f6chten mehr Informationen \u00fcber einen Einf\u00fchrungskurs f\u00fcr Erwachsene. <span class=\"wpforms-required-label\">*<\/span><\/label><ul id=\"wpforms-8458-field_25\" class=\"wpforms-field-required\"><li class=\"choice-2 depth-1\"><input type=\"checkbox\" id=\"wpforms-8458-field_25_2\" name=\"wpforms[fields][25][]\" value=\"Nein, Danke\" required ><label class=\"wpforms-field-label-inline\" for=\"wpforms-8458-field_25_2\">Nein, Danke<\/label><\/li><li class=\"choice-1 depth-1\"><input type=\"checkbox\" id=\"wpforms-8458-field_25_1\" name=\"wpforms[fields][25][]\" value=\"Ja, Gerne\" required ><label class=\"wpforms-field-label-inline\" for=\"wpforms-8458-field_25_1\">Ja, Gerne<\/label><\/li><\/ul><\/div><div id=\"wpforms-8458-field_39-container\" class=\"wpforms-field wpforms-field-checkbox\" data-field-id=\"39\"><label class=\"wpforms-field-label\">Ich habe ein Gutschein <span class=\"wpforms-required-label\">*<\/span><\/label><ul id=\"wpforms-8458-field_39\" class=\"wpforms-field-required\"><li class=\"choice-2 depth-1\"><input type=\"checkbox\" id=\"wpforms-8458-field_39_2\" name=\"wpforms[fields][39][]\" value=\"Ja\" required ><label class=\"wpforms-field-label-inline\" for=\"wpforms-8458-field_39_2\">Ja<\/label><\/li><li class=\"choice-1 depth-1\"><input type=\"checkbox\" id=\"wpforms-8458-field_39_1\" name=\"wpforms[fields][39][]\" value=\"Nein\" required ><label class=\"wpforms-field-label-inline\" for=\"wpforms-8458-field_39_1\">Nein<\/label><\/li><\/ul><\/div><div id=\"wpforms-8458-field_12-container\" class=\"wpforms-field wpforms-field-checkbox wpforms-list-inline\" data-field-id=\"12\"><label class=\"wpforms-field-label\">Wie hast Du unsere Tennisschule gefunden? <span class=\"wpforms-required-label\">*<\/span><\/label><ul id=\"wpforms-8458-field_12\" class=\"wpforms-field-required\"><li class=\"choice-1 depth-1\"><input type=\"checkbox\" id=\"wpforms-8458-field_12_1\" name=\"wpforms[fields][12][]\" value=\"Website\" required ><label class=\"wpforms-field-label-inline\" for=\"wpforms-8458-field_12_1\">Website<\/label><\/li><li class=\"choice-2 depth-1\"><input type=\"checkbox\" id=\"wpforms-8458-field_12_2\" name=\"wpforms[fields][12][]\" value=\"Facebook \/ Instagram\" required ><label class=\"wpforms-field-label-inline\" for=\"wpforms-8458-field_12_2\">Facebook \/ Instagram<\/label><\/li><li class=\"choice-3 depth-1\"><input type=\"checkbox\" id=\"wpforms-8458-field_12_3\" name=\"wpforms[fields][12][]\" value=\"Tennisverein\" required ><label class=\"wpforms-field-label-inline\" for=\"wpforms-8458-field_12_3\">Tennisverein<\/label><\/li><li class=\"choice-4 depth-1\"><input type=\"checkbox\" id=\"wpforms-8458-field_12_4\" name=\"wpforms[fields][12][]\" value=\"Trainer\" required ><label class=\"wpforms-field-label-inline\" for=\"wpforms-8458-field_12_4\">Trainer<\/label><\/li><li class=\"choice-6 depth-1\"><input type=\"checkbox\" id=\"wpforms-8458-field_12_6\" name=\"wpforms[fields][12][]\" value=\"Kita\" required ><label class=\"wpforms-field-label-inline\" for=\"wpforms-8458-field_12_6\">Kita<\/label><\/li><li class=\"choice-7 depth-1\"><input type=\"checkbox\" id=\"wpforms-8458-field_12_7\" name=\"wpforms[fields][12][]\" value=\"ISR\" required ><label class=\"wpforms-field-label-inline\" for=\"wpforms-8458-field_12_7\">ISR<\/label><\/li><li class=\"choice-5 depth-1\"><input type=\"checkbox\" id=\"wpforms-8458-field_12_5\" name=\"wpforms[fields][12][]\" value=\"Andere\" required ><label class=\"wpforms-field-label-inline\" for=\"wpforms-8458-field_12_5\">Andere<\/label><\/li><\/ul><\/div><div id=\"wpforms-8458-field_13-container\" class=\"wpforms-field wpforms-field-text\" data-field-id=\"13\"><input type=\"text\" id=\"wpforms-8458-field_13\" class=\"wpforms-field-medium\" name=\"wpforms[fields][13]\" placeholder=\"Andere Weise:\" ><\/div><div id=\"wpforms-8458-field_2-container\" class=\"wpforms-field wpforms-field-textarea\" data-field-id=\"2\"><label class=\"wpforms-field-label\" for=\"wpforms-8458-field_2\">Nachricht<\/label><textarea id=\"wpforms-8458-field_2\" class=\"wpforms-field-medium\" name=\"wpforms[fields][2]\" ><\/textarea><\/div><div id=\"wpforms-8458-field_19-container\" class=\"wpforms-field wpforms-field-checkbox\" data-field-id=\"19\"><label class=\"wpforms-field-label\">Ich m\u00f6chte gerne in der folgenden Sprache kommunizieren <span class=\"wpforms-required-label\">*<\/span><\/label><ul id=\"wpforms-8458-field_19\" class=\"wpforms-field-required\"><li class=\"choice-3 depth-1\"><input type=\"checkbox\" id=\"wpforms-8458-field_19_3\" name=\"wpforms[fields][19][]\" value=\"Ich habe keine Pr\u00e4ferenz\" required ><label class=\"wpforms-field-label-inline\" for=\"wpforms-8458-field_19_3\">Ich habe keine Pr\u00e4ferenz<\/label><\/li><li class=\"choice-1 depth-1\"><input type=\"checkbox\" id=\"wpforms-8458-field_19_1\" name=\"wpforms[fields][19][]\" value=\"Engels\" required ><label class=\"wpforms-field-label-inline\" for=\"wpforms-8458-field_19_1\">Engels<\/label><\/li><li class=\"choice-2 depth-1\"><input type=\"checkbox\" id=\"wpforms-8458-field_19_2\" name=\"wpforms[fields][19][]\" value=\"Deutsch\" required ><label class=\"wpforms-field-label-inline\" for=\"wpforms-8458-field_19_2\">Deutsch<\/label><\/li><\/ul><\/div><script>\n\t\t\t\t( function() {\n\t\t\t\t\tconst style = document.createElement( 'style' );\n\t\t\t\t\tstyle.appendChild( document.createTextNode( '#wpforms-8458-field_6-container { position: absolute !important; overflow: hidden !important; display: inline !important; height: 1px !important; width: 1px !important; z-index: -1000 !important; padding: 0 !important; } #wpforms-8458-field_6-container input { visibility: hidden; } #wpforms-conversational-form-page #wpforms-8458-field_6-container label { counter-increment: none; }' ) );\n\t\t\t\t\tdocument.head.appendChild( style );\n\t\t\t\t\tdocument.currentScript?.remove();\n\t\t\t\t} )();\n\t\t\t<\/script><\/div><!-- .wpforms-field-container --><div class=\"wpforms-submit-container\" ><input type=\"hidden\" name=\"wpforms[id]\" value=\"8458\"><input type=\"hidden\" name=\"page_title\" value=\"\"><input type=\"hidden\" name=\"page_url\" value=\"https:\/\/lesc-sport.de\/location-teremeer\/wp-json\/wp\/v2\/pages\/8464\"><input type=\"hidden\" name=\"url_referer\" value=\"\"><button type=\"submit\" name=\"wpforms[submit]\" id=\"wpforms-submit-8458\" class=\"wpforms-submit\" data-alt-text=\"Versenden..\" data-submit-text=\"Versenden\" aria-live=\"assertive\" value=\"wpforms-submit\">Versenden<\/button><img loading=\"lazy\" decoding=\"async\" src=\"https:\/\/lesc-sport.de\/location-teremeer\/wp-content\/plugins\/wpforms\/assets\/images\/submit-spin.svg\" class=\"wpforms-submit-spinner\" style=\"display: none;\" width=\"26\" height=\"26\" alt=\"Loading\"><\/div><\/form><\/div>  <!-- .wpforms-container --><\/div><\/div><\/div><\/div><\/div><\/div><\/div><!-- cell_inner --><\/div><!-- cell --><\/div><!-- port --><\/section>\n","protected":false},"excerpt":{"rendered":"","protected":false},"author":6,"featured_media":7835,"parent":0,"menu_order":0,"comment_status":"closed","ping_status":"closed","template":"","meta":{"_acf_changed":false,"footnotes":""},"class_list":["post-8464","page","type-page","status-publish","has-post-thumbnail","hentry"],"acf":[],"_links":{"self":[{"href":"https:\/\/lesc-sport.de\/location-teremeer\/wp-json\/wp\/v2\/pages\/8464","targetHints":{"allow":["GET"]}}],"collection":[{"href":"https:\/\/lesc-sport.de\/location-teremeer\/wp-json\/wp\/v2\/pages"}],"about":[{"href":"https:\/\/lesc-sport.de\/location-teremeer\/wp-json\/wp\/v2\/types\/page"}],"author":[{"embeddable":true,"href":"https:\/\/lesc-sport.de\/location-teremeer\/wp-json\/wp\/v2\/users\/6"}],"replies":[{"embeddable":true,"href":"https:\/\/lesc-sport.de\/location-teremeer\/wp-json\/wp\/v2\/comments?post=8464"}],"version-history":[{"count":9,"href":"https:\/\/lesc-sport.de\/location-teremeer\/wp-json\/wp\/v2\/pages\/8464\/revisions"}],"predecessor-version":[{"id":12989,"href":"https:\/\/lesc-sport.de\/location-teremeer\/wp-json\/wp\/v2\/pages\/8464\/revisions\/12989"}],"wp:featuredmedia":[{"embeddable":true,"href":"https:\/\/lesc-sport.de\/location-teremeer\/wp-json\/wp\/v2\/media\/7835"}],"wp:attachment":[{"href":"https:\/\/lesc-sport.de\/location-teremeer\/wp-json\/wp\/v2\/media?parent=8464"}],"curies":[{"name":"wp","href":"https:\/\/api.w.org\/{rel}","templated":true}]}}