{"id":8408,"date":"2024-08-15T11:14:58","date_gmt":"2024-08-15T11:14:58","guid":{"rendered":"https:\/\/lesc-sport.de\/location-teremeer\/?page_id=8408"},"modified":"2025-03-27T12:10:37","modified_gmt":"2025-03-27T12:10:37","slug":"anmeldung-anfaengerkurse","status":"publish","type":"page","link":"https:\/\/lesc-sport.de\/location-teremeer\/anmeldung-anfangerkurse\/","title":{"rendered":"<p style=\"color:black;\">Anmeldung Anf\u00e4ngerkurse<\/p>"},"content":{"rendered":"<section data-bb-version=\"5.0.1\" id=\"bt_bb_section69ea22010b15a\" class=\"bt_bb_section bt_bb_layout_boxed_1200\"  data-bt-override-class=\"null\"><div class=\"bt_bb_port\"><div class=\"bt_bb_cell\"><div class=\"bt_bb_cell_inner\"><div class=\"bt_bb_row \"  data-bt-override-class=\"{}\"><div class=\"bt_bb_row_holder\" ><div data-bb-version=\"5.0.1\"  class=\"bt_bb_column col-xxl-12 col-xl-12 col-xs-12 col-sm-12 col-md-12 col-lg-12 bt_bb_vertical_align_top bt_bb_align_left bt_bb_padding_normal\" style=\"; --column-width:12;\" data-width=\"12\" data-bt-override-class=\"{}\"><div class=\"bt_bb_column_content\"><div class=\"bt_bb_column_content_inner\"><div data-bb-version=\"5.0.1\"  class=\"bt_bb_text\" ><blockquote>\n<p>Herzliche willkommen! Sch\u00f6n, dass Du interessiert bist. Bitte f\u00fclle dieses Formular so gut wie m\u00f6glich aus. Wir werden uns so schnell wie m\u00f6glich mit Dir in Verbindung setzen. Wir freuen uns darauf, Dich bald auf dem Platz zu sehen.<\/p>\n<\/blockquote>\n<\/div><\/div><\/div><\/div><\/div><\/div><\/div><!-- cell_inner --><\/div><!-- cell --><\/div><!-- port --><\/section><section data-bb-version=\"5.0.1\" id=\"bt_bb_section69ea22010b3d9\" class=\"bt_bb_section bt_bb_layout_boxed_1200\"  data-bt-override-class=\"null\"><div class=\"bt_bb_port\"><div class=\"bt_bb_cell\"><div class=\"bt_bb_cell_inner\"><div class=\"bt_bb_row \"  data-bt-override-class=\"{}\"><div class=\"bt_bb_row_holder\" ><div data-bb-version=\"5.0.1\"  class=\"bt_bb_column col-xxl-12 col-xl-12 col-xs-12 col-sm-12 col-md-12 col-lg-12 bt_bb_vertical_align_top bt_bb_align_left bt_bb_padding_normal\" style=\"; --column-width:12;\" data-width=\"12\" data-bt-override-class=\"{}\"><div class=\"bt_bb_column_content\"><div class=\"bt_bb_column_content_inner\"><div data-bb-version=\"5.0.1\"  class=\"bt_bb_text\" ><div class=\"wpforms-container wpforms-container-full\" id=\"wpforms-8403\">\n<form id=\"wpforms-form-8403\" class=\"wpforms-validate wpforms-form wpforms-ajax-form\" data-formid=\"8403\" method=\"post\" enctype=\"multipart\/form-data\" action=\"\/location-teremeer\/wp-json\/wp\/v2\/pages\/8408\" data-token=\"06741e5cc557e8dabb41082b82546f93\" data-token-time=\"1776951809\"><noscript class=\"wpforms-error-noscript\">Please enable JavaScript in your browser to complete this form.<\/noscript><\/p>\n<div class=\"wpforms-field-container\">\n<div id=\"wpforms-8403-field_4-container\" class=\"wpforms-field wpforms-field-checkbox wpforms-list-inline\" data-field-id=\"4\"><label class=\"wpforms-field-label\">Geschlecht <span class=\"wpforms-required-label\">*<\/span><\/label><\/p>\n<ul id=\"wpforms-8403-field_4\" class=\"wpforms-field-required\">\n<li class=\"choice-1 depth-1\"><input type=\"checkbox\" id=\"wpforms-8403-field_4_1\" name=\"wpforms[fields][4][]\" value=\"Mann\" required ><label class=\"wpforms-field-label-inline\" for=\"wpforms-8403-field_4_1\">Mann<\/label><\/li>\n<li class=\"choice-2 depth-1\"><input type=\"checkbox\" id=\"wpforms-8403-field_4_2\" name=\"wpforms[fields][4][]\" value=\"Frau\" required ><label class=\"wpforms-field-label-inline\" for=\"wpforms-8403-field_4_2\">Frau<\/label><\/li>\n<\/ul>\n<\/div>\n<div id=\"wpforms-8403-field_0-container\" class=\"wpforms-field wpforms-field-name\" data-field-id=\"0\"><label class=\"wpforms-field-label\">Name <span class=\"wpforms-required-label\">*<\/span><\/label><\/p>\n<div class=\"wpforms-field-row wpforms-field-medium\">\n<div class=\"wpforms-field-row-block wpforms-first wpforms-one-half\"><input type=\"text\" id=\"wpforms-8403-field_0\" class=\"wpforms-field-name-first wpforms-field-required\" name=\"wpforms[fields][0][first]\" required><label for=\"wpforms-8403-field_0\" class=\"wpforms-field-sublabel after\">First<\/label><\/div>\n<div class=\"wpforms-field-row-block wpforms-one-half\"><input type=\"text\" id=\"wpforms-8403-field_0-last\" class=\"wpforms-field-name-last wpforms-field-required\" name=\"wpforms[fields][0][last]\" required><label for=\"wpforms-8403-field_0-last\" class=\"wpforms-field-sublabel after\">Last<\/label><\/div>\n<\/div>\n<\/div>\n<div id=\"wpforms-8403-field_3-container\" class=\"wpforms-field wpforms-field-text\" data-field-id=\"3\"><label class=\"wpforms-field-label\" for=\"wpforms-8403-field_3\">Geburtsdatum <span class=\"wpforms-required-label\">*<\/span><\/label><input type=\"text\" id=\"wpforms-8403-field_3\" class=\"wpforms-field-medium wpforms-field-required\" name=\"wpforms[fields][3]\" placeholder=\"05-12-2018\" required><\/div>\n<div id=\"wpforms-8403-field_6-container\" class=\"wpforms-field wpforms-field-checkbox wpforms-list-inline\" data-field-id=\"6\"><label class=\"wpforms-field-label\">Wie hast Du unsere Tennisschule gefunden? <span class=\"wpforms-required-label\">*<\/span><\/label><\/p>\n<ul id=\"wpforms-8403-field_6\" class=\"wpforms-field-required\">\n<li class=\"choice-1 depth-1\"><input type=\"checkbox\" id=\"wpforms-8403-field_6_1\" name=\"wpforms[fields][6][]\" value=\"Website\" required ><label class=\"wpforms-field-label-inline\" for=\"wpforms-8403-field_6_1\">Website<\/label><\/li>\n<li class=\"choice-2 depth-1\"><input type=\"checkbox\" id=\"wpforms-8403-field_6_2\" name=\"wpforms[fields][6][]\" value=\"Facebook \/ Instagram\" required ><label class=\"wpforms-field-label-inline\" for=\"wpforms-8403-field_6_2\">Facebook \/ Instagram<\/label><\/li>\n<li class=\"choice-3 depth-1\"><input type=\"checkbox\" id=\"wpforms-8403-field_6_3\" name=\"wpforms[fields][6][]\" value=\"Tennisverein\" required ><label class=\"wpforms-field-label-inline\" for=\"wpforms-8403-field_6_3\">Tennisverein<\/label><\/li>\n<li class=\"choice-4 depth-1\"><input type=\"checkbox\" id=\"wpforms-8403-field_6_4\" name=\"wpforms[fields][6][]\" value=\"Trainer\" required ><label class=\"wpforms-field-label-inline\" for=\"wpforms-8403-field_6_4\">Trainer<\/label><\/li>\n<li class=\"choice-6 depth-1\"><input type=\"checkbox\" id=\"wpforms-8403-field_6_6\" name=\"wpforms[fields][6][]\" value=\"ISR\" required ><label class=\"wpforms-field-label-inline\" for=\"wpforms-8403-field_6_6\">ISR<\/label><\/li>\n<li class=\"choice-5 depth-1\"><input type=\"checkbox\" id=\"wpforms-8403-field_6_5\" name=\"wpforms[fields][6][]\" value=\"Andere\" required ><label class=\"wpforms-field-label-inline\" for=\"wpforms-8403-field_6_5\">Andere<\/label><\/li>\n<\/ul>\n<\/div>\n<div id=\"wpforms-8403-field_1-container\"\n\t\t\tclass=\"wpforms-field wpforms-field-text\"\n\t\t\tdata-field-type=\"text\"\n\t\t\tdata-field-id=\"1\"\n\t\t\t><br \/>\n\t\t\t<label class=\"wpforms-field-label\" for=\"wpforms-8403-field_1\" >unsere unten Du<\/label><br \/>\n\t\t\t<input type=\"text\" id=\"wpforms-8403-field_1\" class=\"wpforms-field-medium\" name=\"wpforms[fields][1]\" >\n\t\t<\/div>\n<div id=\"wpforms-8403-field_8-container\" class=\"wpforms-field wpforms-field-text\" data-field-id=\"8\"><input type=\"text\" id=\"wpforms-8403-field_8\" class=\"wpforms-field-medium\" name=\"wpforms[fields][8]\" placeholder=\"andere\" ><\/div>\n<div id=\"wpforms-8403-field_7-container\" class=\"wpforms-field wpforms-field-text\" data-field-id=\"7\"><label class=\"wpforms-field-label\" for=\"wpforms-8403-field_7\">Weitere Sportarten<\/label><input type=\"text\" id=\"wpforms-8403-field_7\" class=\"wpforms-field-medium\" name=\"wpforms[fields][7]\" ><\/div>\n<div id=\"wpforms-8403-field_10-container\" class=\"wpforms-field wpforms-field-checkbox\" data-field-id=\"10\"><label class=\"wpforms-field-label\">Bitte gebe unten Deine W\u00fcnsche bzgl. der Trainingszeiten an, damit ich Dich einteilen kann. <\/label><\/p>\n<ul id=\"wpforms-8403-field_10\">\n<li class=\"choice-3 depth-1\"><input type=\"checkbox\" id=\"wpforms-8403-field_10_3\" name=\"wpforms[fields][10][]\" value=\"Ab 21:00 Uhr in der Woche\"  ><label class=\"wpforms-field-label-inline\" for=\"wpforms-8403-field_10_3\">Ab 21:00 Uhr in der Woche<\/label><\/li>\n<li class=\"choice-1 depth-1\"><input type=\"checkbox\" id=\"wpforms-8403-field_10_1\" name=\"wpforms[fields][10][]\" value=\"Freitagabend\"  ><label class=\"wpforms-field-label-inline\" for=\"wpforms-8403-field_10_1\">Freitagabend<\/label><\/li>\n<li class=\"choice-2 depth-1\"><input type=\"checkbox\" id=\"wpforms-8403-field_10_2\" name=\"wpforms[fields][10][]\" value=\"Samstagmorgen\"  ><label class=\"wpforms-field-label-inline\" for=\"wpforms-8403-field_10_2\">Samstagmorgen<\/label><\/li>\n<\/ul>\n<\/div>\n<div id=\"wpforms-8403-field_2-container\" class=\"wpforms-field wpforms-field-textarea\" data-field-id=\"2\"><label class=\"wpforms-field-label\" for=\"wpforms-8403-field_2\">Nachricht<\/label><textarea id=\"wpforms-8403-field_2\" class=\"wpforms-field-medium\" name=\"wpforms[fields][2]\" ><\/textarea><\/div>\n<p><script>\n\t\t\t\t( function() {\n\t\t\t\t\tconst style = document.createElement( 'style' );\n\t\t\t\t\tstyle.appendChild( document.createTextNode( '#wpforms-8403-field_1-container { position: absolute !important; overflow: hidden !important; display: inline !important; height: 1px !important; width: 1px !important; z-index: -1000 !important; padding: 0 !important; } #wpforms-8403-field_1-container input { visibility: hidden; } #wpforms-conversational-form-page #wpforms-8403-field_1-container label { counter-increment: none; }' ) );\n\t\t\t\t\tdocument.head.appendChild( style );\n\t\t\t\t\tdocument.currentScript?.remove();\n\t\t\t\t} )();\n\t\t\t<\/script><\/div>\n<p><!-- .wpforms-field-container --><\/p>\n<div class=\"wpforms-recaptcha-container wpforms-is-recaptcha wpforms-is-recaptcha-type-v3\" ><input type=\"hidden\" name=\"wpforms[recaptcha]\" value=\"\"><\/div>\n<div class=\"wpforms-submit-container\" ><input type=\"hidden\" name=\"wpforms[id]\" value=\"8403\"><input type=\"hidden\" name=\"page_title\" value=\"\"><input type=\"hidden\" name=\"page_url\" value=\"https:\/\/lesc-sport.de\/location-teremeer\/wp-json\/wp\/v2\/pages\/8408\"><input type=\"hidden\" name=\"url_referer\" value=\"\"><button type=\"submit\" name=\"wpforms[submit]\" id=\"wpforms-submit-8403\" class=\"wpforms-submit\" data-alt-text=\"senden..\" data-submit-text=\"Versenden\" aria-live=\"assertive\" value=\"wpforms-submit\">Versenden<\/button><img loading=\"lazy\" decoding=\"async\" src=\"https:\/\/lesc-sport.de\/location-teremeer\/wp-content\/plugins\/wpforms\/assets\/images\/submit-spin.svg\" class=\"wpforms-submit-spinner\" style=\"display: none;\" width=\"26\" height=\"26\" alt=\"Loading\"><\/div>\n<\/form>\n<\/div>\n<p>  <!-- .wpforms-container --><\/p>\n<\/div><\/div><\/div><\/div><\/div><\/div><\/div><!-- cell_inner --><\/div><!-- cell --><\/div><!-- port --><\/section>\n","protected":false},"excerpt":{"rendered":"","protected":false},"author":6,"featured_media":7835,"parent":0,"menu_order":0,"comment_status":"closed","ping_status":"closed","template":"","meta":{"_acf_changed":false,"footnotes":""},"class_list":["post-8408","page","type-page","status-publish","has-post-thumbnail","hentry"],"acf":[],"_links":{"self":[{"href":"https:\/\/lesc-sport.de\/location-teremeer\/wp-json\/wp\/v2\/pages\/8408","targetHints":{"allow":["GET"]}}],"collection":[{"href":"https:\/\/lesc-sport.de\/location-teremeer\/wp-json\/wp\/v2\/pages"}],"about":[{"href":"https:\/\/lesc-sport.de\/location-teremeer\/wp-json\/wp\/v2\/types\/page"}],"author":[{"embeddable":true,"href":"https:\/\/lesc-sport.de\/location-teremeer\/wp-json\/wp\/v2\/users\/6"}],"replies":[{"embeddable":true,"href":"https:\/\/lesc-sport.de\/location-teremeer\/wp-json\/wp\/v2\/comments?post=8408"}],"version-history":[{"count":5,"href":"https:\/\/lesc-sport.de\/location-teremeer\/wp-json\/wp\/v2\/pages\/8408\/revisions"}],"predecessor-version":[{"id":12986,"href":"https:\/\/lesc-sport.de\/location-teremeer\/wp-json\/wp\/v2\/pages\/8408\/revisions\/12986"}],"wp:featuredmedia":[{"embeddable":true,"href":"https:\/\/lesc-sport.de\/location-teremeer\/wp-json\/wp\/v2\/media\/7835"}],"wp:attachment":[{"href":"https:\/\/lesc-sport.de\/location-teremeer\/wp-json\/wp\/v2\/media?parent=8408"}],"curies":[{"name":"wp","href":"https:\/\/api.w.org\/{rel}","templated":true}]}}