{"id":7478,"date":"2024-07-05T10:49:35","date_gmt":"2024-07-05T10:49:35","guid":{"rendered":"https:\/\/lesc-sport.de\/location-teremeer\/?page_id=7478"},"modified":"2024-08-07T09:41:01","modified_gmt":"2024-08-07T09:41:01","slug":"info-mannschaftstraining","status":"publish","type":"page","link":"https:\/\/lesc-sport.de\/location-teremeer\/info-mannschaftstraining\/","title":{"rendered":"Info Mannschaftstraining"},"content":{"rendered":"<section data-bb-version=\"5.0.1\" id=\"bt_bb_section69ea2d0f2fc32\" class=\"bt_bb_section bt_bb_layout_boxed_1200\"  data-bt-override-class=\"null\"><div class=\"bt_bb_port\"><div class=\"bt_bb_cell\"><div class=\"bt_bb_cell_inner\"><div class=\"bt_bb_row \"  data-bt-override-class=\"{}\"><div class=\"bt_bb_row_holder\" ><div data-bb-version=\"5.0.1\"  class=\"bt_bb_column col-xxl-12 col-xl-12 col-xs-12 col-sm-12 col-md-12 col-lg-12 bt_bb_vertical_align_top bt_bb_align_left bt_bb_padding_normal\" style=\"; --column-width:12;\" data-width=\"12\" data-bt-override-class=\"{}\"><div class=\"bt_bb_column_content\"><div class=\"bt_bb_column_content_inner\"><div data-bb-version=\"5.0.1\"  class=\"bt_bb_text\" ><p>Liebe Teams,<\/p>\n<p>diesen\u00a0Sommer sollte der Fokus\u00a0f\u00fcr mich\u00a0darauf liegen, nur mittwochs mit einigen Jugendgruppen und einer Mannschaft zu trainieren und zus\u00e4tzlich verschiedene Programme zu implementieren, um die Jugend aufzubauen, da\u00a0ich in den Niederlanden noch sehr aktiv\u00a0bin.\u00a0Die Praxis sah allerdings anders aus. Ich habe das\u00a0Bambini-Training am Freitag, KJT und das ITP (Intensive Training Programm) am Samstag\u00a0ins Leben gerufen.\u00a0Es ist gro\u00dfartig zu sehen, wie die Kinder immer\u00a0mehr Spa\u00df daran haben, besser zu werden.<\/p>\n<p>Als Head Coach,\u00a0verantwortlich f\u00fcr\u00a0Scouting\/\u00a0Entwicklung f\u00fcr Jugendliche und Erwachsene,\u00a0werden die Zielgruppen\u00a0f\u00fcr mich\u00a0immer mehr\u00a0die Wettkampf-\/Turnierspieler sowohl bei Jugendlichen als auch Senioren. Da ich nun vollst\u00e4ndig f\u00fcr den Verein zur Verf\u00fcgung stehe, freue ich mich darauf, mit allen Spielern zu arbeiten,\u00a0sie zu verbessern\u00a0und demnach mehr Freude am Spiel zu erreichen.<\/p>\n<p>&nbsp;<\/p>\n<p><strong><u>Die Saison<\/u><\/strong><\/p>\n<p>Im Tennis gibt es 2 Saisons, eine Sommersaison und eine Wintersaison. Die Wintersaison ist die Zeit, in der der Spieler technische und taktische Fortschritte macht, konditionelle Grundlagen aufbaut, um f\u00fcr die Sommersaison im Wettkampf bereit zu sein. Die Sommersaison ist die Zeit, in der man Leistung bringt. Das Anwenden des Gelernten in der Praxis. Bevor ein Schlag ausgef\u00fchrt wird, geht so viel voraus, dass in diesem Prozess bereits etwas schief gehen kann. Wahrnehmen &#8211; Entscheiden &#8211; Ausf\u00fchren &#8211; Feedback geben.<\/p>\n<p>Die Technik ist die Ausf\u00fchrung und muss immer mit der Taktik\/taktischen Wahl verbunden sein. Es geht nicht darum, den sch\u00f6nsten Schlag zu haben, sondern innerhalb unserer Technik\/Motorik funktional zu spielen und das Beste daraus zu machen. Wenn es eine technische\u00a0Schw\u00e4che\u00a0gibt,\u00a0achte ich darauf\u00a0und\u00a0bespreche gemeinsam\u00a0mit dem Spieler, wie man diese\u00a0angehen kann.\u00a0Ich achte\u00a0besonders darauf, welche St\u00e4rken der einzelne Spieler mitbringt um diese dann gezielt zum Punkten einzusetzen.\u00a0Das Training und das Setzen von Zielen f\u00fcr die Gruppe und individuell erfolgt immer in Absprache,\u00a0da es\u00a0nicht mein, sondern unser Ziel\u00a0werden soll.\u00a0Da ein jedes Training zielgerichtet sein soll, erstelle ich\u00a0einen\u00a0Bericht,\u00a0indem ich festhalte, was wir trainiert haben, welche Ziele bestanden und welche\u00a0Verbesserungspunkte es gibt. So ist das Training kein isoliertes Ereignis, sondern Teil eines Prozesses im Gameplay, in dem wir uns stetig verbessern.<\/p>\n<p>&nbsp;<\/p>\n<p><strong><u>Anmeldung<\/u><\/strong><\/p>\n<p>Einige Mannschaften\u00a0haben sich bereits bei mir angemeldet.\u00a0Aufgrund begrenzter Kapazit\u00e4ten in der Halle, ist\u00a0eine fr\u00fchzeitige Anmeldung anzuraten. Ich empfehle hier die Anmeldungen bis sp\u00e4testens <strong>15.8.2024<\/strong> vorzunehmen. Mannschaften melden sich bitte \u00fcber das Formular Link hier! (<span style=\"color: #ff0000;\"><a style=\"color: #ff0000;\" href=\"https:\/\/lesc-sport.de\/location-teremeer\/mannschaftstraining-erwachsenen\/\">Anmeldung<\/a>\u00a0<a style=\"color: #ff0000;\" href=\"https:\/\/lesc-sport.de\/location-teremeer\/mannschaftstraining-erwachsenen\/\">Mannschaftstraining<\/a><\/span>) an. F\u00fcr zus\u00e4tzliche individuelle Trainingseinheiten mich bitte pers\u00f6nlich ansprechen.<\/p>\n<p>&nbsp;<\/p>\n<p>Ich freue mich auf viele Mannschaften, die ich mit viel Spa\u00df und Freude zu Ihren pers\u00f6nlichen Zielen bringe.<\/p>\n<p>&nbsp;<\/p>\n<p>Sportliche Gr\u00fc\u00dfe,<\/p>\n<p>Robert Verheij<\/p>\n<p>Head Coach<br \/>\nEtwicklung-Scouting<br \/>\nKNLTB ABC (DTB-A) Trainer<br \/>\nTel: +31646061998<\/p>\n<p><a href=\"mailto:Info@lesc-sport.de\">Info@lesc-sport.de<\/a><br \/>\n<a href=\"http:\/\/www.lesc-sport.de\/location-teremeer\/\">www.lesc-sport.de<\/a><\/p>\n<p>&nbsp;<\/p>\n<\/div><\/div><\/div><\/div><\/div><\/div><\/div><!-- cell_inner --><\/div><!-- cell --><\/div><!-- port --><\/section>\n","protected":false},"excerpt":{"rendered":"","protected":false},"author":6,"featured_media":0,"parent":0,"menu_order":0,"comment_status":"closed","ping_status":"closed","template":"","meta":{"_acf_changed":false,"footnotes":""},"class_list":["post-7478","page","type-page","status-publish","hentry"],"acf":[],"_links":{"self":[{"href":"https:\/\/lesc-sport.de\/location-teremeer\/wp-json\/wp\/v2\/pages\/7478","targetHints":{"allow":["GET"]}}],"collection":[{"href":"https:\/\/lesc-sport.de\/location-teremeer\/wp-json\/wp\/v2\/pages"}],"about":[{"href":"https:\/\/lesc-sport.de\/location-teremeer\/wp-json\/wp\/v2\/types\/page"}],"author":[{"embeddable":true,"href":"https:\/\/lesc-sport.de\/location-teremeer\/wp-json\/wp\/v2\/users\/6"}],"replies":[{"embeddable":true,"href":"https:\/\/lesc-sport.de\/location-teremeer\/wp-json\/wp\/v2\/comments?post=7478"}],"version-history":[{"count":7,"href":"https:\/\/lesc-sport.de\/location-teremeer\/wp-json\/wp\/v2\/pages\/7478\/revisions"}],"predecessor-version":[{"id":8309,"href":"https:\/\/lesc-sport.de\/location-teremeer\/wp-json\/wp\/v2\/pages\/7478\/revisions\/8309"}],"wp:attachment":[{"href":"https:\/\/lesc-sport.de\/location-teremeer\/wp-json\/wp\/v2\/media?parent=7478"}],"curies":[{"name":"wp","href":"https:\/\/api.w.org\/{rel}","templated":true}]}}