{"id":6112,"date":"2024-05-18T21:01:27","date_gmt":"2024-05-18T21:01:27","guid":{"rendered":"https:\/\/lesc-sport.de\/location-teremeer\/?page_id=6112"},"modified":"2025-05-11T21:59:46","modified_gmt":"2025-05-11T21:59:46","slug":"anmeldung-raupen-camp","status":"publish","type":"page","link":"https:\/\/lesc-sport.de\/location-teremeer\/anmeldung-raupen-camp\/","title":{"rendered":"Anmeldung Raupen"},"content":{"rendered":"<section data-bb-version=\"4.8.8\" id=\"bt_bb_section69ea307cbf950\" class=\"bt_bb_section bt_bb_color_scheme_2 bt_bb_layout_boxed_1200 bt_bb_vertical_align_top bt_bb_top_spacing_none bt_bb_bottom_spacing_none\" style=\"; --section-primary-color:#191919; --section-secondary-color:#ffffff;;background-color:rgb(255,255,255);\" data-bt-override-class=\"{&quot;bt_bb_top_spacing_&quot;:{&quot;current_class&quot;:&quot;bt_bb_top_spacing_none&quot;,&quot;def&quot;:&quot;none&quot;},&quot;bt_bb_bottom_spacing_&quot;:{&quot;current_class&quot;:&quot;bt_bb_bottom_spacing_none&quot;,&quot;def&quot;:&quot;none&quot;}}\"><div class=\"bt_bb_port\"><div class=\"bt_bb_cell\"><div class=\"bt_bb_cell_inner\"><div class=\"bt_bb_row \"  data-bt-override-class=\"{}\"><div class=\"bt_bb_row_holder\" ><div data-bb-version=\"4.8.8\"  class=\"bt_bb_column col-xxl-12 col-xl-12 col-xs-12 col-sm-12 col-md-12 col-lg-12 bt_bb_vertical_align_top bt_bb_align_left bt_bb_padding_none\" style=\"; --column-width:12;\" data-width=\"12\" data-bt-override-class=\"{&quot;bt_bb_align_&quot;:{&quot;current_class&quot;:&quot;bt_bb_align_left&quot;,&quot;def&quot;:&quot;left&quot;},&quot;bt_bb_padding_&quot;:{&quot;current_class&quot;:&quot;bt_bb_padding_none&quot;,&quot;def&quot;:&quot;none&quot;}}\"><div class=\"bt_bb_column_content\"><div class=\"bt_bb_column_content_inner\"><div data-bb-version=\"4.9.0\"  class=\"bt_bb_text\" ><blockquote>\n<h2><strong>Tenniscamp KW 29, Montag 14. Juli bis Freitag 18. Juli.<\/strong><\/h2>\n<\/blockquote>\n<\/div><div class=\"bt_bb_shortcode\"><div class=\"wpforms-container wpforms-container-full\" id=\"wpforms-6104\"><form id=\"wpforms-form-6104\" class=\"wpforms-validate wpforms-form wpforms-ajax-form\" data-formid=\"6104\" method=\"post\" enctype=\"multipart\/form-data\" action=\"\/location-teremeer\/wp-json\/wp\/v2\/pages\/6112\" data-token=\"bfaa4539553443bd58cec821838cca3c\" data-token-time=\"1776955516\"><noscript class=\"wpforms-error-noscript\">Please enable JavaScript in your browser to complete this form.<\/noscript><div class=\"wpforms-field-container\"><div id=\"wpforms-6104-field_17-container\" class=\"wpforms-field wpforms-field-content hide-for-logged-in\" data-field-id=\"17\"><div id=\"wpforms-6104-field_17\" class=\"wpforms-field-large wpforms-field-row\"><h5 class=\"mt-4\">F\u00fcr die Anmeldung bitte zuerst als Benutzer registrieren.<\/h5>\n<div class=\"wpforms-field-content-display-frontend-clear\"><\/div><\/div><\/div><div id=\"wpforms-6104-field_19-container\" class=\"wpforms-field wpforms-field-text hide-for-logged-in\" data-field-id=\"19\"><label class=\"wpforms-field-label\" for=\"wpforms-6104-field_19\">Username<\/label><input type=\"text\" id=\"wpforms-6104-field_19\" class=\"wpforms-field-medium\" name=\"wpforms[fields][19]\" placeholder=\"Erstellen Sie einen Benutzernamen f\u00fcr diese Site\" ><\/div><div id=\"wpforms-6104-field_20-container\" class=\"wpforms-field wpforms-field-text hide-for-logged-in\" data-field-id=\"20\"><label class=\"wpforms-field-label\" for=\"wpforms-6104-field_20\">Password<\/label><input type=\"text\" id=\"wpforms-6104-field_20\" class=\"wpforms-field-medium\" name=\"wpforms[fields][20]\" placeholder=\"Erstellen Sie ein Passwort f\u00fcr diese Site\" ><\/div><div id=\"wpforms-6104-field_18-container\" class=\"wpforms-field wpforms-field-content hide-for-logged-in\" data-field-id=\"18\"><div id=\"wpforms-6104-field_18\" class=\"wpforms-field-medium wpforms-field-row\"><div class=\"my-4\">\n<h5 class=\"mt-4\"><strong>Wann Du bereits ein Konto hasst,<a href=\"https:\/\/lesc-sport.de\/signin\/\"> klick hier!<\/a><\/strong><\/h5>\n<\/div>\n<div class=\"wpforms-field-content-display-frontend-clear\"><\/div><\/div><\/div><div id=\"wpforms-6104-field_30-container\" class=\"wpforms-field wpforms-field-name\" data-field-id=\"30\"><label class=\"wpforms-field-label\" for=\"wpforms-6104-field_30\">Name des Elternteils (Wenn unbekannt) <span class=\"wpforms-required-label\">*<\/span><\/label><input type=\"text\" id=\"wpforms-6104-field_30\" class=\"wpforms-field-large wpforms-field-required\" name=\"wpforms[fields][30]\" required><\/div><div id=\"wpforms-6104-field_31-container\" class=\"wpforms-field wpforms-field-checkbox\" data-field-id=\"31\"><label class=\"wpforms-field-label\">Geslecht kind <span class=\"wpforms-required-label\">*<\/span><\/label><ul id=\"wpforms-6104-field_31\" class=\"wpforms-field-required\"><li class=\"choice-1 depth-1\"><input type=\"checkbox\" id=\"wpforms-6104-field_31_1\" name=\"wpforms[fields][31][]\" value=\"Jungen\" required ><label class=\"wpforms-field-label-inline\" for=\"wpforms-6104-field_31_1\">Jungen<\/label><\/li><li class=\"choice-2 depth-1\"><input type=\"checkbox\" id=\"wpforms-6104-field_31_2\" name=\"wpforms[fields][31][]\" value=\"M\u00e4dchen\" required ><label class=\"wpforms-field-label-inline\" for=\"wpforms-6104-field_31_2\">M\u00e4dchen<\/label><\/li><\/ul><\/div><div id=\"wpforms-6104-field_0-container\" class=\"wpforms-field wpforms-field-name\" data-field-id=\"0\"><label class=\"wpforms-field-label\">Name <span class=\"wpforms-required-label\">*<\/span><\/label><div class=\"wpforms-field-row wpforms-field-large\"><div class=\"wpforms-field-row-block wpforms-first wpforms-one-half\"><input type=\"text\" id=\"wpforms-6104-field_0\" class=\"wpforms-field-name-first wpforms-field-required\" name=\"wpforms[fields][0][first]\" placeholder=\"Vorname\" required><label for=\"wpforms-6104-field_0\" class=\"wpforms-field-sublabel after\">First<\/label><\/div><div class=\"wpforms-field-row-block wpforms-one-half\"><input type=\"text\" id=\"wpforms-6104-field_0-last\" class=\"wpforms-field-name-last wpforms-field-required\" name=\"wpforms[fields][0][last]\" placeholder=\"Nachname\" required><label for=\"wpforms-6104-field_0-last\" class=\"wpforms-field-sublabel after\">Last<\/label><\/div><\/div><\/div><div id=\"wpforms-6104-field_9-container\" class=\"wpforms-field wpforms-field-text\" data-field-id=\"9\"><label class=\"wpforms-field-label\" for=\"wpforms-6104-field_9\">Alter (5-8 Jahre) <span class=\"wpforms-required-label\">*<\/span><\/label><input type=\"text\" id=\"wpforms-6104-field_9\" class=\"wpforms-field-medium wpforms-field-required\" name=\"wpforms[fields][9]\" placeholder=\"03-12-2019\" required><\/div><div id=\"wpforms-6104-field_42-container\" class=\"wpforms-field wpforms-field-email\" data-field-id=\"42\"><label class=\"wpforms-field-label\" for=\"wpforms-6104-field_42\">Email <span class=\"wpforms-required-label\">*<\/span><\/label><input type=\"email\" id=\"wpforms-6104-field_42\" class=\"wpforms-field-medium wpforms-field-required\" name=\"wpforms[fields][42]\" spellcheck=\"false\" required><\/div><div id=\"wpforms-6104-field_8-container\" class=\"wpforms-field wpforms-field-checkbox wpforms-list-3-columns\" data-field-id=\"8\"><label class=\"wpforms-field-label\">Mitglied NTC Stadtwald<\/label><ul id=\"wpforms-6104-field_8\"><li class=\"choice-1 depth-1\"><input type=\"checkbox\" id=\"wpforms-6104-field_8_1\" name=\"wpforms[fields][8][]\" value=\"Ja\"  ><label class=\"wpforms-field-label-inline\" for=\"wpforms-6104-field_8_1\">Ja<\/label><\/li><li class=\"choice-2 depth-1\"><input type=\"checkbox\" id=\"wpforms-6104-field_8_2\" name=\"wpforms[fields][8][]\" value=\"Nein (zzgl. +10,00 \u20ac)\"  ><label class=\"wpforms-field-label-inline\" for=\"wpforms-6104-field_8_2\">Nein (zzgl. +10,00 \u20ac)<\/label><\/li><\/ul><\/div><div id=\"wpforms-6104-field_5-container\" class=\"wpforms-field wpforms-field-radio wpforms-list-inline\" data-field-id=\"5\"><label class=\"wpforms-field-label\">Tenniserfahrung<\/label><ul id=\"wpforms-6104-field_5\"><li class=\"choice-1 depth-1\"><input type=\"radio\" id=\"wpforms-6104-field_5_1\" name=\"wpforms[fields][5]\" value=\"Anf\u00e4nger\"  ><label class=\"wpforms-field-label-inline\" for=\"wpforms-6104-field_5_1\">Anf\u00e4nger<\/label><\/li><li class=\"choice-2 depth-1\"><input type=\"radio\" id=\"wpforms-6104-field_5_2\" name=\"wpforms[fields][5]\" value=\"Leicht fortgeschritten\"  ><label class=\"wpforms-field-label-inline\" for=\"wpforms-6104-field_5_2\">Leicht fortgeschritten<\/label><\/li><li class=\"choice-3 depth-1\"><input type=\"radio\" id=\"wpforms-6104-field_5_3\" name=\"wpforms[fields][5]\" value=\"Fortgeschritten\"  ><label class=\"wpforms-field-label-inline\" for=\"wpforms-6104-field_5_3\">Fortgeschritten<\/label><\/li><\/ul><\/div>\t\t<div id=\"wpforms-6104-field_1-container\"\n\t\t\tclass=\"wpforms-field wpforms-field-text\"\n\t\t\tdata-field-type=\"text\"\n\t\t\tdata-field-id=\"1\"\n\t\t\t>\n\t\t\t<label class=\"wpforms-field-label\" for=\"wpforms-6104-field_1\" >Bank Allergien? Stadtwald<\/label>\n\t\t\t<input type=\"text\" id=\"wpforms-6104-field_1\" class=\"wpforms-field-medium\" name=\"wpforms[fields][1]\" >\n\t\t<\/div>\n\t\t<div id=\"wpforms-6104-field_27-container\" class=\"wpforms-field wpforms-field-text\" data-field-id=\"27\"><label class=\"wpforms-field-label\" for=\"wpforms-6104-field_27\">Spielst\u00e4rke<\/label><input type=\"text\" id=\"wpforms-6104-field_27\" class=\"wpforms-field-small\" name=\"wpforms[fields][27]\" ><\/div><div id=\"wpforms-6104-field_46-container\" class=\"wpforms-field wpforms-field-checkbox\" data-field-id=\"46\"><ul id=\"wpforms-6104-field_46\"><li class=\"choice-1 depth-1 wpforms-selected\"><input type=\"checkbox\" id=\"wpforms-6104-field_46_1\" name=\"wpforms[fields][46][]\" value=\"Anmeldung Newsletter\"   checked='checked'><label class=\"wpforms-field-label-inline\" for=\"wpforms-6104-field_46_1\">Anmeldung Newsletter<\/label><\/li><\/ul><\/div><div id=\"wpforms-6104-field_47-container\" class=\"wpforms-field wpforms-field-checkbox\" data-field-id=\"47\"><label class=\"wpforms-field-label\">Fotos<\/label><ul id=\"wpforms-6104-field_47\"><li class=\"choice-1 depth-1 wpforms-selected\"><input type=\"checkbox\" id=\"wpforms-6104-field_47_1\" name=\"wpforms[fields][47][]\" value=\"Ich stimme der Ver\u00f6ffentlichung von Fotos\/Videos auf der Website zu\"   checked='checked'><label class=\"wpforms-field-label-inline\" for=\"wpforms-6104-field_47_1\">Ich stimme der Ver\u00f6ffentlichung von Fotos\/Videos auf der Website zu<\/label><\/li><\/ul><\/div><div id=\"wpforms-6104-field_29-container\" class=\"wpforms-field wpforms-field-divider\" data-field-id=\"29\"><\/div><div id=\"wpforms-6104-field_23-container\" class=\"wpforms-field wpforms-field-content\" data-field-id=\"23\"><div id=\"wpforms-6104-field_23\" class=\"wpforms-field-medium wpforms-field-row\"><h5 class=\"mt-4\">Ein Bruder oder Schwester registrieren?<\/h5>\n<div class=\"wpforms-field-content-display-frontend-clear\"><\/div><\/div><\/div><div id=\"wpforms-6104-field_24-container\" class=\"wpforms-field wpforms-field-checkbox wpforms-list-3-columns\" data-field-id=\"24\"><label class=\"wpforms-field-label wpforms-label-hide\">Bruder oder Schwester registrieren<\/label><ul id=\"wpforms-6104-field_24\"><li class=\"choice-1 depth-1\"><input type=\"checkbox\" id=\"wpforms-6104-field_24_1\" name=\"wpforms[fields][24][]\" value=\"Bruder\"  ><label class=\"wpforms-field-label-inline\" for=\"wpforms-6104-field_24_1\">Bruder<\/label><\/li><li class=\"choice-2 depth-1\"><input type=\"checkbox\" id=\"wpforms-6104-field_24_2\" name=\"wpforms[fields][24][]\" value=\"Schwester\"  ><label class=\"wpforms-field-label-inline\" for=\"wpforms-6104-field_24_2\">Schwester<\/label><\/li><\/ul><\/div><div id=\"wpforms-6104-field_21-container\" class=\"wpforms-field wpforms-field-name\" data-field-id=\"21\"><label class=\"wpforms-field-label\">Name Bruder oder Schwester<\/label><div class=\"wpforms-field-row wpforms-field-large\"><div class=\"wpforms-field-row-block wpforms-first wpforms-one-half\"><input type=\"text\" id=\"wpforms-6104-field_21\" class=\"wpforms-field-name-first\" name=\"wpforms[fields][21][first]\" placeholder=\"Vorname\" ><label for=\"wpforms-6104-field_21\" class=\"wpforms-field-sublabel after\">First<\/label><\/div><div class=\"wpforms-field-row-block wpforms-one-half\"><input type=\"text\" id=\"wpforms-6104-field_21-last\" class=\"wpforms-field-name-last\" name=\"wpforms[fields][21][last]\" placeholder=\"Nachname\" ><label for=\"wpforms-6104-field_21-last\" class=\"wpforms-field-sublabel after\">Last<\/label><\/div><\/div><\/div><div id=\"wpforms-6104-field_22-container\" class=\"wpforms-field wpforms-field-text\" data-field-id=\"22\"><label class=\"wpforms-field-label\" for=\"wpforms-6104-field_22\">Alter Bruder oder Schwester (5-8 Jahre)<\/label><input type=\"text\" id=\"wpforms-6104-field_22\" class=\"wpforms-field-medium\" name=\"wpforms[fields][22]\" placeholder=\"03-12-2019\" ><\/div><div id=\"wpforms-6104-field_25-container\" class=\"wpforms-field wpforms-field-checkbox wpforms-list-3-columns\" data-field-id=\"25\"><label class=\"wpforms-field-label\">Mitglied NTC Stadtwald<\/label><ul id=\"wpforms-6104-field_25\"><li class=\"choice-1 depth-1\"><input type=\"checkbox\" id=\"wpforms-6104-field_25_1\" name=\"wpforms[fields][25][]\" value=\"Ja\"  ><label class=\"wpforms-field-label-inline\" for=\"wpforms-6104-field_25_1\">Ja<\/label><\/li><li class=\"choice-2 depth-1\"><input type=\"checkbox\" id=\"wpforms-6104-field_25_2\" name=\"wpforms[fields][25][]\" value=\"Nein (zzgl. +10,00 \u20ac)\"  ><label class=\"wpforms-field-label-inline\" for=\"wpforms-6104-field_25_2\">Nein (zzgl. +10,00 \u20ac)<\/label><\/li><\/ul><\/div><div id=\"wpforms-6104-field_26-container\" class=\"wpforms-field wpforms-field-radio wpforms-list-inline\" data-field-id=\"26\"><label class=\"wpforms-field-label\">Tenniserfahrung<\/label><ul id=\"wpforms-6104-field_26\"><li class=\"choice-1 depth-1\"><input type=\"radio\" id=\"wpforms-6104-field_26_1\" name=\"wpforms[fields][26]\" value=\"Anf\u00e4nger\"  ><label class=\"wpforms-field-label-inline\" for=\"wpforms-6104-field_26_1\">Anf\u00e4nger<\/label><\/li><li class=\"choice-2 depth-1\"><input type=\"radio\" id=\"wpforms-6104-field_26_2\" name=\"wpforms[fields][26]\" value=\"Leicht fortgeschritten\"  ><label class=\"wpforms-field-label-inline\" for=\"wpforms-6104-field_26_2\">Leicht fortgeschritten<\/label><\/li><li class=\"choice-3 depth-1\"><input type=\"radio\" id=\"wpforms-6104-field_26_3\" name=\"wpforms[fields][26]\" value=\"Fortgeschritten\"  ><label class=\"wpforms-field-label-inline\" for=\"wpforms-6104-field_26_3\">Fortgeschritten<\/label><\/li><\/ul><\/div><div id=\"wpforms-6104-field_3-container\" class=\"wpforms-field wpforms-field-text\" data-field-id=\"3\"><label class=\"wpforms-field-label\" for=\"wpforms-6104-field_3\">Spielst\u00e4rke<\/label><input type=\"text\" id=\"wpforms-6104-field_3\" class=\"wpforms-field-small\" name=\"wpforms[fields][3]\" ><\/div><div id=\"wpforms-6104-field_43-container\" class=\"wpforms-field wpforms-field-divider\" data-field-id=\"43\"><\/div><div id=\"wpforms-6104-field_44-container\" class=\"wpforms-field wpforms-field-checkbox\" data-field-id=\"44\"><label class=\"wpforms-field-label\">Mittagessen<\/label><ul id=\"wpforms-6104-field_44\"><li class=\"choice-1 depth-1\"><input type=\"checkbox\" id=\"wpforms-6104-field_44_1\" name=\"wpforms[fields][44][]\" value=\"Ja\"  ><label class=\"wpforms-field-label-inline\" for=\"wpforms-6104-field_44_1\">Ja<\/label><\/li><li class=\"choice-2 depth-1\"><input type=\"checkbox\" id=\"wpforms-6104-field_44_2\" name=\"wpforms[fields][44][]\" value=\"Nein\"  ><label class=\"wpforms-field-label-inline\" for=\"wpforms-6104-field_44_2\">Nein<\/label><\/li><\/ul><\/div><div id=\"wpforms-6104-field_2-container\" class=\"wpforms-field wpforms-field-textarea\" data-field-id=\"2\"><label class=\"wpforms-field-label\" for=\"wpforms-6104-field_2\">Lebensmittelunvetr\u00e4glichkeiten \/ Allergien?<\/label><textarea id=\"wpforms-6104-field_2\" class=\"wpforms-field-medium\" name=\"wpforms[fields][2]\" placeholder=\"Lebensmittelunvertr\u00e4glichkeiten oder Allergien pro Name angeben.\" ><\/textarea><\/div><div id=\"wpforms-6104-field_7-container\" class=\"wpforms-field wpforms-field-textarea\" data-field-id=\"7\"><label class=\"wpforms-field-label\" for=\"wpforms-6104-field_7\">Nachricht<\/label><textarea id=\"wpforms-6104-field_7\" class=\"wpforms-field-medium\" name=\"wpforms[fields][7]\" ><\/textarea><\/div><div id=\"wpforms-6104-field_32-container\" class=\"wpforms-field wpforms-field-divider\" data-field-id=\"32\"><\/div><div id=\"wpforms-6104-field_33-container\" class=\"wpforms-field wpforms-field-content\" data-field-id=\"33\"><div id=\"wpforms-6104-field_33\" class=\"wpforms-field-large wpforms-field-row\"><h5>SEPA-Lastschriftmandat<\/h5>\n<p>Zahlungsdetails:<\/p>\n<p>Lastschrift f\u00fcr Life &amp; Sport Culture: Der Unterzeichner erm\u00e4chtigt Life &amp; Sport Culture, die Studiengeb\u00fchr per Lastschrift abzubuchen.<\/p>\n<div class=\"wpforms-field-content-display-frontend-clear\"><\/div><\/div><\/div><div id=\"wpforms-6104-field_34-container\" class=\"wpforms-field wpforms-field-text\" data-field-id=\"34\"><label class=\"wpforms-field-label\" for=\"wpforms-6104-field_34\">Vorname und Name Kontoinhaber\/in<\/label><input type=\"text\" id=\"wpforms-6104-field_34\" class=\"wpforms-field-medium\" name=\"wpforms[fields][34]\" ><\/div><div id=\"wpforms-6104-field_35-container\" class=\"wpforms-field wpforms-field-text\" data-field-id=\"35\"><label class=\"wpforms-field-label\" for=\"wpforms-6104-field_35\">IBAN-Bankkonto<\/label><input type=\"text\" id=\"wpforms-6104-field_35\" class=\"wpforms-field-medium\" name=\"wpforms[fields][35]\" ><\/div><div id=\"wpforms-6104-field_36-container\" class=\"wpforms-field wpforms-field-text\" data-field-id=\"36\"><label class=\"wpforms-field-label\" for=\"wpforms-6104-field_36\">Name der Bank<\/label><input type=\"text\" id=\"wpforms-6104-field_36\" class=\"wpforms-field-medium\" name=\"wpforms[fields][36]\" ><\/div><div id=\"wpforms-6104-field_40-container\" class=\"wpforms-field wpforms-field-date-time\" data-field-id=\"40\"><label class=\"wpforms-field-label\" for=\"wpforms-6104-field_40\">Datum der Mandatsunterschrift:<\/label><div class=\"wpforms-datepicker-wrap\"><input type=\"text\" id=\"wpforms-6104-field_40\" class=\"wpforms-field-date-time-date wpforms-datepicker wpforms-field-small\" data-date-format=\"m\/d\/Y\" data-disable-past-dates=\"0\" data-input=\"true\" name=\"wpforms[fields][40][date]\" ><a title=\"Clear Date\" data-clear role=\"button\" tabindex=\"0\" class=\"wpforms-datepicker-clear\" aria-label=\"Clear Date\" style=\"display:none;\"><\/a><\/div><\/div><div id=\"wpforms-6104-field_38-container\" class=\"wpforms-field wpforms-field-content\" data-field-id=\"38\"><div id=\"wpforms-6104-field_38\" class=\"wpforms-field-large wpforms-field-row\"><p>Bei der Angabe der Kontonummer erteilt man eine Erlaubnis f\u00fcr eine automatische Lastschrift des f\u00e4lligen Betrags. Die Zahlung wird 14 Tage vor Beginn des Camps eingezogen.<\/p>\n<p>Gl\u00e4ubiger-Identifikationsnummer: DE17ZZZ00002737488<\/p>\n<div class=\"wpforms-field-content-display-frontend-clear\"><\/div><\/div><\/div><div id=\"wpforms-6104-field_39-container\" class=\"wpforms-field wpforms-field-checkbox\" data-field-id=\"39\"><ul id=\"wpforms-6104-field_39\"><li class=\"choice-1 depth-1\"><input type=\"checkbox\" id=\"wpforms-6104-field_39_1\" name=\"wpforms[fields][39][]\" value=\"Rechnung\"  ><label class=\"wpforms-field-label-inline\" for=\"wpforms-6104-field_39_1\">Rechnung<\/label><\/li><\/ul><\/div><script>\n\t\t\t\t( function() {\n\t\t\t\t\tconst style = document.createElement( 'style' );\n\t\t\t\t\tstyle.appendChild( document.createTextNode( '#wpforms-6104-field_1-container { position: absolute !important; overflow: hidden !important; display: inline !important; height: 1px !important; width: 1px !important; z-index: -1000 !important; padding: 0 !important; } #wpforms-6104-field_1-container input { visibility: hidden; } #wpforms-conversational-form-page #wpforms-6104-field_1-container label { counter-increment: none; }' ) );\n\t\t\t\t\tdocument.head.appendChild( style );\n\t\t\t\t\tdocument.currentScript?.remove();\n\t\t\t\t} )();\n\t\t\t<\/script><\/div><!-- .wpforms-field-container --><div class=\"wpforms-recaptcha-container wpforms-is-recaptcha wpforms-is-recaptcha-type-v3\" ><input type=\"hidden\" name=\"wpforms[recaptcha]\" value=\"\"><\/div><div class=\"wpforms-submit-container\" ><input type=\"hidden\" name=\"wpforms[id]\" value=\"6104\"><input type=\"hidden\" name=\"page_title\" value=\"\"><input type=\"hidden\" name=\"page_url\" value=\"https:\/\/lesc-sport.de\/location-teremeer\/wp-json\/wp\/v2\/pages\/6112\"><input type=\"hidden\" name=\"url_referer\" value=\"\"><button type=\"submit\" name=\"wpforms[submit]\" id=\"wpforms-submit-6104\" class=\"wpforms-submit\" data-alt-text=\"Versend...\" data-submit-text=\"Versenden\" aria-live=\"assertive\" value=\"wpforms-submit\">Versenden<\/button><img loading=\"lazy\" decoding=\"async\" src=\"https:\/\/lesc-sport.de\/location-teremeer\/wp-content\/plugins\/wpforms\/assets\/images\/submit-spin.svg\" class=\"wpforms-submit-spinner\" style=\"display: none;\" width=\"26\" height=\"26\" alt=\"Loading\"><\/div><\/form><\/div>  <!-- .wpforms-container --><\/div><\/div><\/div><\/div><\/div><\/div><\/div><!-- cell_inner --><\/div><!-- cell --><\/div><!-- port --><\/section>\n","protected":false},"excerpt":{"rendered":"","protected":false},"author":6,"featured_media":0,"parent":0,"menu_order":0,"comment_status":"closed","ping_status":"closed","template":"","meta":{"_acf_changed":false,"footnotes":""},"class_list":["post-6112","page","type-page","status-publish","hentry"],"acf":[],"_links":{"self":[{"href":"https:\/\/lesc-sport.de\/location-teremeer\/wp-json\/wp\/v2\/pages\/6112","targetHints":{"allow":["GET"]}}],"collection":[{"href":"https:\/\/lesc-sport.de\/location-teremeer\/wp-json\/wp\/v2\/pages"}],"about":[{"href":"https:\/\/lesc-sport.de\/location-teremeer\/wp-json\/wp\/v2\/types\/page"}],"author":[{"embeddable":true,"href":"https:\/\/lesc-sport.de\/location-teremeer\/wp-json\/wp\/v2\/users\/6"}],"replies":[{"embeddable":true,"href":"https:\/\/lesc-sport.de\/location-teremeer\/wp-json\/wp\/v2\/comments?post=6112"}],"version-history":[{"count":5,"href":"https:\/\/lesc-sport.de\/location-teremeer\/wp-json\/wp\/v2\/pages\/6112\/revisions"}],"predecessor-version":[{"id":13588,"href":"https:\/\/lesc-sport.de\/location-teremeer\/wp-json\/wp\/v2\/pages\/6112\/revisions\/13588"}],"wp:attachment":[{"href":"https:\/\/lesc-sport.de\/location-teremeer\/wp-json\/wp\/v2\/media?parent=6112"}],"curies":[{"name":"wp","href":"https:\/\/api.w.org\/{rel}","templated":true}]}}