{"id":5741,"date":"2024-05-12T18:29:07","date_gmt":"2024-05-12T18:29:07","guid":{"rendered":"https:\/\/lesc-sport.de\/location-teremeer\/?page_id=5741"},"modified":"2024-05-12T18:37:18","modified_gmt":"2024-05-12T18:37:18","slug":"impressum","status":"publish","type":"page","link":"https:\/\/lesc-sport.de\/location-teremeer\/impressum\/","title":{"rendered":"Impressum"},"content":{"rendered":"<section data-bb-version=\"4.9.1\" id=\"bt_bb_section69ea0e1b7136d\" class=\"bt_bb_section bt_bb_layout_boxed_1200\"  data-bt-override-class=\"null\"><div class=\"bt_bb_port\"><div class=\"bt_bb_cell\"><div class=\"bt_bb_cell_inner\"><div class=\"bt_bb_row \"  data-bt-override-class=\"{}\"><div class=\"bt_bb_row_holder\" ><div data-bb-version=\"4.9.1\"  class=\"bt_bb_column col-xxl-12 col-xl-12 col-xs-12 col-sm-12 col-md-12 col-lg-12 bt_bb_vertical_align_top bt_bb_align_left bt_bb_padding_normal\" style=\"; --column-width:12;\" data-width=\"12\" data-bt-override-class=\"{}\"><div class=\"bt_bb_column_content\"><div class=\"bt_bb_column_content_inner\"><header data-bb-version=\"4.9.1\" class=\"bt_bb_headline bt_bb_subheadline_text_transform_default bt_bb_dash_none bt_bb_subheadline bt_bb_size_inherit bt_bb_align_inherit\" data-bt-override-class=\"{&quot;bt_bb_size_&quot;:{&quot;current_class&quot;:&quot;bt_bb_size_inherit&quot;,&quot;def&quot;:&quot;inherit&quot;},&quot;bt_bb_align_&quot;:{&quot;current_class&quot;:&quot;bt_bb_align_inherit&quot;,&quot;def&quot;:&quot;inherit&quot;}}\"><div class=\"bt_bb_headline_subheadline\">Tennisclub NTC Stadtwald<br \/><br \/>\nAnschrift:<br \/><br \/>\nStoffelsweg 4<br \/><br \/>\n41464 Neuss<br \/><br \/>\nTelefon: +31646061998<br \/><br \/>\nE-Mail: info@lesc-sport.de<br \/><br \/>\nInternet: www.lesc-sportt.de und http:\/\/www.ntc-stadtwald.de\/unser-club\/index.php<\/p><br \/>\n<p>Rechtsform: Einzelunternehmung<br \/><br \/>\nInhaber: Robert Verheij<br \/><br \/>\nSteuer Nr.: 002113436B73<\/p><br \/>\n<p>Haftungshinweis:<br \/><br \/>\nTrotz sorf\u00e4ltiger inhaltlicher Kontrolle, \u00fcbernehmen wir keine Haftung f\u00fcr die Inhalte externer Links. F\u00fcr die Inhalte verlinkter Seiten sind ausschliesslich deren Betreiber verantwortlich.<\/div><\/header><\/div><\/div><\/div><\/div><\/div><div data-bb-version=\"4.9.1\" class=\"bt_bb_row \"  data-bt-override-class=\"{}\"><div class=\"bt_bb_row_holder\" ><div data-bb-version=\"4.9.1\"  class=\"bt_bb_column col-xxl-12 col-xl-12 col-xs-12 col-sm-12 col-md-12 col-lg-12 bt_bb_vertical_align_top bt_bb_align_left bt_bb_padding_normal\" style=\"; --column-width:12;\" data-width=\"12\" data-bt-override-class=\"{}\"><div class=\"bt_bb_column_content\"><div class=\"bt_bb_column_content_inner\"><\/div><\/div><\/div><\/div><\/div><\/div><!-- cell_inner --><\/div><!-- cell --><\/div><!-- port --><\/section>\n","protected":false},"excerpt":{"rendered":"","protected":false},"author":6,"featured_media":0,"parent":0,"menu_order":0,"comment_status":"closed","ping_status":"closed","template":"","meta":{"_acf_changed":false,"footnotes":""},"class_list":["post-5741","page","type-page","status-publish","hentry"],"acf":[],"_links":{"self":[{"href":"https:\/\/lesc-sport.de\/location-teremeer\/wp-json\/wp\/v2\/pages\/5741","targetHints":{"allow":["GET"]}}],"collection":[{"href":"https:\/\/lesc-sport.de\/location-teremeer\/wp-json\/wp\/v2\/pages"}],"about":[{"href":"https:\/\/lesc-sport.de\/location-teremeer\/wp-json\/wp\/v2\/types\/page"}],"author":[{"embeddable":true,"href":"https:\/\/lesc-sport.de\/location-teremeer\/wp-json\/wp\/v2\/users\/6"}],"replies":[{"embeddable":true,"href":"https:\/\/lesc-sport.de\/location-teremeer\/wp-json\/wp\/v2\/comments?post=5741"}],"version-history":[{"count":6,"href":"https:\/\/lesc-sport.de\/location-teremeer\/wp-json\/wp\/v2\/pages\/5741\/revisions"}],"predecessor-version":[{"id":5747,"href":"https:\/\/lesc-sport.de\/location-teremeer\/wp-json\/wp\/v2\/pages\/5741\/revisions\/5747"}],"wp:attachment":[{"href":"https:\/\/lesc-sport.de\/location-teremeer\/wp-json\/wp\/v2\/media?parent=5741"}],"curies":[{"name":"wp","href":"https:\/\/api.w.org\/{rel}","templated":true}]}}