{"id":2386,"date":"2024-02-23T21:21:48","date_gmt":"2024-02-23T21:21:48","guid":{"rendered":"https:\/\/test.lesc.nl\/?page_id=2386"},"modified":"2024-08-16T21:24:28","modified_gmt":"2024-08-16T21:24:28","slug":"junior-training-2","status":"publish","type":"page","link":"https:\/\/lesc-sport.de\/location-teremeer\/uber-uns\/","title":{"rendered":"Uber Uns"},"content":{"rendered":"<section id=\"bt_bb_section69ea099ca0132\" class=\"bt_bb_section bt_bb_color_scheme_2 bt_bb_layout_boxed_1200 bt_bb_vertical_align_top\" style=\"; --section-primary-color:#191919; --section-secondary-color:#ffffff;\" data-bt-override-class=\"null\"><div class=\"bt_bb_port\"><div class=\"bt_bb_cell\"><div class=\"bt_bb_cell_inner\"><div class=\"bt_bb_row \"  data-bt-override-class=\"{}\"><div class=\"bt_bb_row_holder\" ><div  class=\"bt_bb_column col-xxl-6 col-xl-6 bt_bb_vertical_align_middle bt_bb_align_left bt_bb_padding_normal bt_bb_animation_fade_in animate\" style=\"; --column-width:6;\" data-width=\"6\" data-bt-override-class=\"{}\"><div class=\"bt_bb_column_content\"><div class=\"bt_bb_column_content_inner\"><div class=\"bt_bb_image btMoveToEdge bt_bb_shape_square bt_bb_target_self bt_bb_align_inherit bt_bb_hover_style_simple bt_bb_content_display_always bt_bb_content_align_middle\" data-bt-override-class=\"{}\"><span><img fetchpriority=\"high\" decoding=\"async\" width=\"1250\" height=\"750\" src=\"https:\/\/lesc-sport.de\/location-teremeer\/wp-content\/uploads\/2017\/11\/about_us_inner.jpg\" class=\"attachment-full size-full\" alt=\"https:\/\/lesc-sport.de\/location-teremeer\/wp-content\/uploads\/2017\/11\/about_us_inner.jpg\" data-full_image_src=\"https:\/\/lesc-sport.de\/location-teremeer\/wp-content\/uploads\/2017\/11\/about_us_inner.jpg\" title=\"about_us_inner\" loading=\"eager\" srcset=\"https:\/\/lesc-sport.de\/location-teremeer\/wp-content\/uploads\/2017\/11\/about_us_inner.jpg 1250w, https:\/\/lesc-sport.de\/location-teremeer\/wp-content\/uploads\/2017\/11\/about_us_inner-640x384.jpg 640w, https:\/\/lesc-sport.de\/location-teremeer\/wp-content\/uploads\/2017\/11\/about_us_inner-768x461.jpg 768w, https:\/\/lesc-sport.de\/location-teremeer\/wp-content\/uploads\/2017\/11\/about_us_inner-320x192.jpg 320w\" sizes=\"(max-width: 1250px) 100vw, 1250px\" \/><\/span><\/div><\/div><\/div><\/div><div  class=\"bt_bb_column col-xxl-6 col-xl-6 bt_bb_vertical_align_middle bt_bb_align_left bt_bb_padding_normal bt_bb_animation_fade_in animate\" style=\"; --column-width:6;\" data-width=\"6\" data-bt-override-class=\"{}\"><div class=\"bt_bb_column_content\"><div class=\"bt_bb_column_content_inner\"><div class=\"bt_bb_separator bt_bb_border_style_none bt_bb_bottom_spacing_medium\" data-bt-override-class=\"null\"><\/div><header data-bb-version=\"4.9.1\" class=\"bt_bb_headline bt_bb_font_weight_normal bt_bb_subheadline_text_transform_default bt_bb_color_scheme_5 bt_bb_dash_none bt_bb_subheadline bt_bb_size_medium bt_bb_align_inherit\" style=\"; --primary-color:#191919; --secondary-color:#dd1313;\" data-bt-override-class=\"{&quot;bt_bb_size_&quot;:{&quot;current_class&quot;:&quot;bt_bb_size_medium&quot;,&quot;def&quot;:&quot;medium&quot;},&quot;bt_bb_align_&quot;:{&quot;current_class&quot;:&quot;bt_bb_align_inherit&quot;,&quot;def&quot;:&quot;inherit&quot;}}\"><h3 class=\"bt_bb_headline_tag\"><span class=\"bt_bb_headline_content\"><span><strong> MISSION <\/strong>&amp;<strong> ZIELE<\/strong><\/span><\/span><\/h3><div class=\"bt_bb_headline_subheadline\">Life &amp; Sport Culture<\/div><\/header><div class=\"bt_bb_separator bt_bb_border_style_none bt_bb_bottom_spacing_small\" data-bt-override-class=\"null\"><\/div><div  class=\"bt_bb_text\" ><blockquote>\n<p>Mit einer Clubmitgliedschaft von \u00fcber 300 Tennisspielern im NTC Stadtwald, m\u00f6chte Life &amp; Sportculture Tennisschule ein Programm f\u00fcr Menschen aller Spielst\u00e4rken und Altersgruppen anbieten.<\/p>\n<p>Sport ist gut f\u00fcr deine k\u00f6rperliche und mentale Gesundheit. Es verbindet Menschen jeden Alters. Wir finden es wichtig, im sozialen und gesellschaftlichen Gesamtinteresse so viele Menschen und verschiedene Zielgruppen zum Sport (Tennis) zu bringen, um einen gro\u00dfen Beitrag f\u00fcr die Bewohner von Neuss und Umgebung zu leisten. Wir streben danach, innerhalb des Vereins eine Next-Level-Tennis-Kultur zu schaffen, bei der jeder Spieler seine pers\u00f6nliche Herausforderung finden kann.<\/p>\n<\/blockquote>\n<\/div><div class=\"bt_bb_separator bt_bb_border_style_none bt_bb_bottom_spacing_normal\" data-bt-override-class=\"null\"><\/div><div class=\"bt_bb_button bt_bb_color_scheme_6 bt_bb_icon_position_left bt_bb_style_filled bt_bb_size_medium bt_bb_width_inline bt_bb_shape_inherit bt_bb_target_self bt_bb_align_inherit\" style=\"; --primary-color:#ffffff; --secondary-color:#dd1313;\" data-bt-override-class=\"{}\"><a href=\"http:\/\/www.ntc-stadtwald.de\/index.php?w2dsmartphone=force\" target=\"_self\" class=\"bt_bb_link\" title=\"VEREIN\"><span class=\"bt_bb_button_text\" >VEREIN<\/span><\/a><\/div><div class=\"bt_bb_button bt_bb_color_scheme_4 bt_bb_icon_position_left bt_bb_style_outline bt_bb_size_medium bt_bb_width_inline bt_bb_shape_inherit bt_bb_target_self bt_bb_align_inherit\" style=\"; --primary-color:#dd1313; --secondary-color:#ffffff;\" data-bt-override-class=\"{}\"><a href=\"https:\/\/lesc-sport.de\/location-teremeer\/\" target=\"_self\" class=\"bt_bb_link\" title=\"TENNISSCHULE\"><span class=\"bt_bb_button_text\" >TENNISSCHULE<\/span><\/a><\/div><div class=\"bt_bb_separator bt_bb_border_style_none bt_bb_bottom_spacing_medium\" data-bt-override-class=\"null\"><\/div><\/div><\/div><\/div><\/div><\/div><\/div><!-- cell_inner --><\/div><!-- cell --><\/div><!-- port --><\/section><section id=\"bt_bb_section69ea099ca0fa3\" class=\"bt_bb_section bt_bb_color_scheme_11 bt_bb_layout_boxed_1200 bt_bb_vertical_align_top bt_bb_top_spacing_large bt_bb_bottom_spacing_large\" style=\"; --section-primary-color:#181818; --section-secondary-color:#efefef;\" data-bt-override-class=\"null\"><div class=\"bt_bb_port\"><div class=\"bt_bb_cell\"><div class=\"bt_bb_cell_inner\"><div class=\"bt_bb_row \"  data-bt-override-class=\"{}\"><div class=\"bt_bb_row_holder\" ><div  class=\"bt_bb_column col-xxl-6 col-xl-6 bt_bb_vertical_align_top bt_bb_align_left bt_bb_padding_normal bt_bb_animation_fade_in animate\" style=\"; --column-width:6;\" data-width=\"6\" data-bt-override-class=\"{}\"><div class=\"bt_bb_column_content\"><div class=\"bt_bb_column_content_inner\"><header data-bb-version=\"4.9.1\" class=\"bt_bb_headline bt_bb_font_weight_normal bt_bb_subheadline_text_transform_default bt_bb_color_scheme_5 bt_bb_dash_none bt_bb_subheadline bt_bb_size_normal bt_bb_align_inherit\" style=\"; --primary-color:#191919; --secondary-color:#dd1313;\" data-bt-override-class=\"{&quot;bt_bb_size_&quot;:{&quot;current_class&quot;:&quot;bt_bb_size_normal&quot;,&quot;def&quot;:&quot;normal&quot;},&quot;bt_bb_align_&quot;:{&quot;current_class&quot;:&quot;bt_bb_align_inherit&quot;,&quot;def&quot;:&quot;inherit&quot;}}\"><h3 class=\"bt_bb_headline_tag\"><span class=\"bt_bb_headline_content\"><span>UNSERE <strong>RICHTLINIEN<\/strong><\/span><\/span><\/h3><div class=\"bt_bb_headline_subheadline\">Um zu trainieren, ist eine Mitgliedschaft ausschlie\u00dflich im Sommer erforderlich. Es gibt Ausnahmen f\u00fcr spezielle Startgruppen.<\/div><\/header><div class=\"bt_bb_separator bt_bb_border_style_none bt_bb_bottom_spacing_normal\" data-bt-override-class=\"null\"><\/div><\/div><\/div><\/div><div  class=\"bt_bb_column col-xxl-6 col-xl-6 bt_bb_vertical_align_top bt_bb_align_right bt_bb_padding_normal bt_bb_animation_fade_in animate\" style=\"; --column-width:6;\" data-width=\"6\" data-bt-override-class=\"{}\"><div class=\"bt_bb_column_content\"><div class=\"bt_bb_column_content_inner\"><div data-bb-version=\"5.0.1\" class=\"bt_bb_button bt_bb_color_scheme_6 bt_bb_icon_position_left bt_bb_style_filled bt_bb_size_medium bt_bb_width_inline bt_bb_shape_inherit bt_bb_target_blank bt_bb_text_transform_inherit bt_bb_align_inherit\" style=\"; --primary-color:#ffffff; --secondary-color:#dd1313;\" data-bt-override-class=\"{&quot;bt_bb_size_&quot;:{&quot;current_class&quot;:&quot;bt_bb_size_medium&quot;,&quot;def&quot;:&quot;medium&quot;},&quot;bt_bb_align_&quot;:{&quot;current_class&quot;:&quot;bt_bb_align_inherit&quot;,&quot;def&quot;:&quot;inherit&quot;}}\"><a href=\"https:\/\/www.sportision.de\/club\/ntc-stadtwald-1?tab=club-member-application\" target=\"_blank\" class=\"bt_bb_link\" title=\"MITGLIED WERDEN\"><span class=\"bt_bb_button_text\" >MITGLIED WERDEN<\/span><\/a><\/div><div class=\"bt_bb_separator bt_bb_border_style_none bt_bb_bottom_spacing_normal\" data-bt-override-class=\"null\"><\/div><\/div><\/div><\/div><\/div><\/div><div class=\"bt_bb_row \"  data-bt-override-class=\"{}\"><div class=\"bt_bb_row_holder\" ><div  class=\"bt_bb_column col-xxl-12 col-xl-12 bt_bb_vertical_align_top bt_bb_align_center bt_bb_padding_normal bt_bb_animation_fade_in animate\" style=\"; --column-width:12;\" data-width=\"12\" data-bt-override-class=\"{}\"><div class=\"bt_bb_column_content\"><div class=\"bt_bb_column_content_inner\"><div class=\"bt_bb_content_slider bt_bb_gap_no_gap bt_bb_arrows_size_small bt_bb_show_dots_hide bt_bb_height_auto bt_bb_animation_slide bt_bb_multiple_slides bt_bb_animation_slide animate\" data-bt-override-class=\"{}\"><div class=\"slick-slider\"  data-slick='{ \"lazyLoad\": \"progressive\", \"cssEase\": \"ease-out\", \"speed\": \"600\", \"accessibility\": false, \"prevArrow\": \"&lt;button type=\\\"button\\\" class=\\\"slick-prev\\\" aria-label=\\\"Previous\\\" tabindex=\\\"0\\\" role=\\\"button\\\"&gt;&lt;\/button&gt;\", \"nextArrow\": \"&lt;button type=\\\"button\\\" class=\\\"slick-next\\\" aria-label=\\\"Next\\\" tabindex=\\\"0\\\" role=\\\"button\\\"&gt;&lt;\/button&gt;\", \"adaptiveHeight\": true,\"autoplay\": true, \"autoplaySpeed\": 3000,\"slidesToShow\": 6, \"responsive\": [{ \"breakpoint\": 481, \"settings\": { \"slidesToShow\": 1, \"slidesToScroll\": 1 } },{ \"breakpoint\": 769, \"settings\": { \"slidesToShow\": 2, \"slidesToScroll\": 2 } },{ \"breakpoint\": 993, \"settings\": { \"slidesToShow\": 3, \"slidesToScroll\": 3 } },{ \"breakpoint\": 1201, \"settings\": { \"slidesToShow\": 6, \"slidesToScroll\": 6 } },{ \"breakpoint\": 1401, \"settings\": { \"slidesToShow\": 6, \"slidesToScroll\": 6 } }]}' ><div class=\"bt_bb_content_slider_item\"><div class=\"bt_bb_content_slider_item_content content\"><\/div><\/div><div class=\"bt_bb_content_slider_item\"><div class=\"bt_bb_content_slider_item_content content\"><\/div><\/div><div class=\"bt_bb_content_slider_item\"><div class=\"bt_bb_content_slider_item_content content\"><\/div><\/div><div class=\"bt_bb_content_slider_item\"><div class=\"bt_bb_content_slider_item_content content\"><\/div><\/div><div class=\"bt_bb_content_slider_item\"><div class=\"bt_bb_content_slider_item_content content\"><\/div><\/div><div class=\"bt_bb_content_slider_item\"><div class=\"bt_bb_content_slider_item_content content\"><\/div><\/div><div class=\"bt_bb_content_slider_item\"><div class=\"bt_bb_content_slider_item_content content\"><\/div><\/div><div class=\"bt_bb_content_slider_item\"><div class=\"bt_bb_content_slider_item_content content\"><\/div><\/div><div class=\"bt_bb_content_slider_item\"><div class=\"bt_bb_content_slider_item_content content\"><\/div><\/div><\/div><\/div><div class=\"bt_bb_separator bt_bb_border_style_none bt_bb_bottom_spacing_medium\" data-bt-override-class=\"null\"><\/div><\/div><\/div><\/div><\/div><\/div><\/div><!-- cell_inner --><\/div><!-- cell --><\/div><!-- port --><\/section><section id=\"bt_bb_section69ea099ca16ea\" class=\"bt_bb_section bt_bb_color_scheme_2 bt_bb_layout_boxed_right_1200 bt_bb_vertical_align_top bt_bb_top_negative_margin_large bt_bb_highlight_shadow\" style=\"; --section-primary-color:#191919; --section-secondary-color:#ffffff;\" data-bt-override-class=\"null\"><div class=\"bt_bb_port\"><div class=\"bt_bb_cell\"><div class=\"bt_bb_cell_inner\"><div class=\"bt_bb_row \"  data-bt-override-class=\"{}\"><div class=\"bt_bb_row_holder\" ><div  class=\"bt_bb_column col-xxl-6 col-xl-6 bt_bb_vertical_align_middle bt_bb_align_left bt_bb_padding_normal bt_bb_animation_fade_in animate\" style=\"; --column-width:6;\" data-width=\"6\" data-bt-override-class=\"{}\"><div class=\"bt_bb_column_content\"><div class=\"bt_bb_column_content_inner\"><div class=\"bt_bb_separator bt_bb_border_style_none bt_bb_top_spacing_large\" data-bt-override-class=\"null\"><\/div><header class=\"bt_bb_headline bt_bb_font_weight_normal bt_bb_color_scheme_5 bt_bb_dash_none bt_bb_superheadline bt_bb_subheadline bt_bb_size_large bt_bb_align_inherit\" style=\"; --primary-color:#191919; --secondary-color:#dd1313;\" data-bt-override-class=\"{}\"><h2 class=\"bt_bb_headline_tag\"><span class=\"bt_bb_headline_superheadline\">LERNE MEHR<\/span><span class=\"bt_bb_headline_content\"><span>VON <strong>NTC STADTWALD<\/strong><\/span><\/span><\/h2><div class=\"bt_bb_headline_subheadline\">Gem\u00fctlichgkeit, Menschlichkeit, <\/div><\/header><div class=\"bt_bb_separator bt_bb_border_style_none bt_bb_bottom_spacing_small\" data-bt-override-class=\"null\"><\/div><div  class=\"bt_bb_text\" ><blockquote>\n<p>Mit sieben Tennissandpl\u00e4tzen innerhalb einer gro\u00dfz\u00fcgigen Gr\u00fcnanlage, einem Kinderspielplatz, ausreichend Parkpl\u00e4tzen und dem bewirtschafteten Clubhaus mit Sonnenterrasse ist die Anlage idyllisch am Waldrand und doch in Stadtn\u00e4he gelegen. Unter dem Motto, der Mensch steht im Mittelpunkt&#8217; bietet der club ein breit der Verein ein breit gef\u00e4chertes Angebot an Ativit\u00e4ten auf und neben dem Tennisplatz<span style=\"font-size: small;\">.<\/span><\/p>\n<\/blockquote>\n<\/div><div class=\"bt_bb_separator bt_bb_border_style_none bt_bb_bottom_spacing_normal\" data-bt-override-class=\"null\"><\/div><div data-bb-version=\"4.9.1\" class=\"bt_bb_button bt_bb_color_scheme_4 bt_bb_icon_position_left bt_bb_style_outline bt_bb_size_medium bt_bb_width_inline bt_bb_shape_inherit bt_bb_target_blank bt_bb_text_transform_inherit bt_bb_align_inherit\" style=\"; --primary-color:#dd1313; --secondary-color:#ffffff;\" data-bt-override-class=\"{&quot;bt_bb_size_&quot;:{&quot;current_class&quot;:&quot;bt_bb_size_medium&quot;,&quot;def&quot;:&quot;medium&quot;},&quot;bt_bb_align_&quot;:{&quot;current_class&quot;:&quot;bt_bb_align_inherit&quot;,&quot;def&quot;:&quot;inherit&quot;}}\"><a href=\"https:\/\/lesc-sport.de\/location-teremeer\/kontakt-form\/\" target=\"_blank\" class=\"bt_bb_link\" title=\"KONTAKT UNS\"><span class=\"bt_bb_button_text\" >KONTAKT UNS<\/span><\/a><\/div><div class=\"bt_bb_separator bt_bb_border_style_none bt_bb_bottom_spacing_large\" data-bt-override-class=\"null\"><\/div><\/div><\/div><\/div><div  class=\"bt_bb_column col-xxl-6 col-xl-6 bt_bb_vertical_align_top bt_bb_align_left bt_bb_padding_normal bt_bb_animation_fade_in animate\" style=\"; --column-width:6;\" data-width=\"6\" data-bt-override-class=\"{}\"><div class=\"bt_bb_column_content\"><div class=\"bt_bb_column_content_inner\"><div class=\"bt_bb_image bt_bb_shape_square bt_bb_target_self bt_bb_align_inherit bt_bb_hover_style_simple bt_bb_content_display_always bt_bb_content_align_middle\" data-bt-override-class=\"{}\"><span><img decoding=\"async\" width=\"900\" height=\"1200\" src=\"https:\/\/lesc-sport.de\/location-teremeer\/wp-content\/uploads\/2017\/11\/inner-vertical.jpg\" class=\"attachment-full size-full\" alt=\"https:\/\/lesc-sport.de\/location-teremeer\/wp-content\/uploads\/2017\/11\/inner-vertical.jpg\" data-full_image_src=\"https:\/\/lesc-sport.de\/location-teremeer\/wp-content\/uploads\/2017\/11\/inner-vertical.jpg\" title=\"inner-vertical\" loading=\"eager\" srcset=\"https:\/\/lesc-sport.de\/location-teremeer\/wp-content\/uploads\/2017\/11\/inner-vertical.jpg 900w, https:\/\/lesc-sport.de\/location-teremeer\/wp-content\/uploads\/2017\/11\/inner-vertical-640x853.jpg 640w, https:\/\/lesc-sport.de\/location-teremeer\/wp-content\/uploads\/2017\/11\/inner-vertical-768x1024.jpg 768w, https:\/\/lesc-sport.de\/location-teremeer\/wp-content\/uploads\/2017\/11\/inner-vertical-320x427.jpg 320w\" sizes=\"(max-width: 900px) 100vw, 900px\" \/><\/span><\/div><\/div><\/div><\/div><\/div><\/div><\/div><!-- cell_inner --><\/div><!-- cell --><\/div><!-- port --><\/section><section id=\"bt_bb_section69ea099ca1cbf\" class=\"bt_bb_section bt_bb_layout_wide bt_bb_vertical_align_top bt_bb_top_negative_margin_extra_large\"  data-bt-override-class=\"null\"><div class=\"bt_bb_port\"><div class=\"bt_bb_cell\"><div class=\"bt_bb_cell_inner\"><div class=\"bt_bb_row \"  data-bt-override-class=\"{}\"><div class=\"bt_bb_row_holder\" ><div  class=\"bt_bb_column col-xxl-12 col-xl-12 bt_bb_vertical_align_top bt_bb_align_left bt_bb_padding_normal bt_bb_animation_fade_in move_left animate\" style=\"; --column-width:12;\" data-width=\"12\" data-bt-override-class=\"{}\"><div class=\"bt_bb_column_content\"><div class=\"bt_bb_column_content_inner\"><div data-bb-version=\"4.9.1\" class=\"bt_bb_separator bt_bb_border_style_none bt_bb_top_spacing_none bt_bb_bottom_spacing_extra_large\" data-bt-override-class=\"{&quot;bt_bb_top_spacing_&quot;:{&quot;current_class&quot;:&quot;bt_bb_top_spacing_none&quot;,&quot;def&quot;:&quot;none&quot;},&quot;bt_bb_bottom_spacing_&quot;:{&quot;current_class&quot;:&quot;bt_bb_bottom_spacing_extra_large&quot;,&quot;def&quot;:&quot;extra_large&quot;}}\"><\/div><div class=\"bt_bb_image bt_bb_shape_square bt_bb_target_self bt_bb_align_inherit bt_bb_hover_style_simple bt_bb_content_display_always bt_bb_content_align_middle\" data-bt-override-class=\"{}\"><span><img decoding=\"async\" width=\"2048\" height=\"506\" src=\"https:\/\/lesc-sport.de\/location-teremeer\/wp-content\/uploads\/2017\/12\/inner_player.png\" class=\"attachment-full size-full\" alt=\"https:\/\/lesc-sport.de\/location-teremeer\/wp-content\/uploads\/2017\/12\/inner_player.png\" data-full_image_src=\"https:\/\/lesc-sport.de\/location-teremeer\/wp-content\/uploads\/2017\/12\/inner_player.png\" title=\"inner_player\" loading=\"eager\" srcset=\"https:\/\/lesc-sport.de\/location-teremeer\/wp-content\/uploads\/2017\/12\/inner_player.png 2048w, https:\/\/lesc-sport.de\/location-teremeer\/wp-content\/uploads\/2017\/12\/inner_player-640x158.png 640w, https:\/\/lesc-sport.de\/location-teremeer\/wp-content\/uploads\/2017\/12\/inner_player-1280x316.png 1280w, https:\/\/lesc-sport.de\/location-teremeer\/wp-content\/uploads\/2017\/12\/inner_player-768x190.png 768w, https:\/\/lesc-sport.de\/location-teremeer\/wp-content\/uploads\/2017\/12\/inner_player-1536x380.png 1536w, https:\/\/lesc-sport.de\/location-teremeer\/wp-content\/uploads\/2017\/12\/inner_player-320x79.png 320w\" sizes=\"(max-width: 2048px) 100vw, 2048px\" \/><\/span><\/div><\/div><\/div><\/div><\/div><\/div><\/div><!-- cell_inner --><\/div><!-- cell --><\/div><!-- port --><\/section>\n","protected":false},"excerpt":{"rendered":"","protected":false},"author":1,"featured_media":0,"parent":0,"menu_order":0,"comment_status":"closed","ping_status":"closed","template":"","meta":{"_acf_changed":false,"footnotes":""},"class_list":["post-2386","page","type-page","status-publish","hentry"],"acf":[],"_links":{"self":[{"href":"https:\/\/lesc-sport.de\/location-teremeer\/wp-json\/wp\/v2\/pages\/2386","targetHints":{"allow":["GET"]}}],"collection":[{"href":"https:\/\/lesc-sport.de\/location-teremeer\/wp-json\/wp\/v2\/pages"}],"about":[{"href":"https:\/\/lesc-sport.de\/location-teremeer\/wp-json\/wp\/v2\/types\/page"}],"author":[{"embeddable":true,"href":"https:\/\/lesc-sport.de\/location-teremeer\/wp-json\/wp\/v2\/users\/1"}],"replies":[{"embeddable":true,"href":"https:\/\/lesc-sport.de\/location-teremeer\/wp-json\/wp\/v2\/comments?post=2386"}],"version-history":[{"count":51,"href":"https:\/\/lesc-sport.de\/location-teremeer\/wp-json\/wp\/v2\/pages\/2386\/revisions"}],"predecessor-version":[{"id":8436,"href":"https:\/\/lesc-sport.de\/location-teremeer\/wp-json\/wp\/v2\/pages\/2386\/revisions\/8436"}],"wp:attachment":[{"href":"https:\/\/lesc-sport.de\/location-teremeer\/wp-json\/wp\/v2\/media?parent=2386"}],"curies":[{"name":"wp","href":"https:\/\/api.w.org\/{rel}","templated":true}]}}