{"id":2361,"date":"2024-02-23T20:19:32","date_gmt":"2024-02-23T20:19:32","guid":{"rendered":"https:\/\/test.lesc.nl\/?page_id=2361"},"modified":"2024-05-28T05:20:19","modified_gmt":"2024-05-28T05:20:19","slug":"coaches-2-template","status":"publish","type":"page","link":"https:\/\/lesc-sport.de\/location-teremeer\/trainer-lesc-sport\/","title":{"rendered":"Trainer"},"content":{"rendered":"<section id=\"bt_bb_section69ea0998a9ad4\" class=\"bt_bb_section bt_bb_color_scheme_2 bt_bb_layout_boxed_1200 bt_bb_vertical_align_top\" style=\"; --section-primary-color:#191919; --section-secondary-color:#ffffff;\" data-bt-override-class=\"null\"><div class=\"bt_bb_port\"><div class=\"bt_bb_cell\"><div class=\"bt_bb_cell_inner\"><div class=\"bt_bb_row \"  data-bt-override-class=\"{}\"><div class=\"bt_bb_row_holder\" ><div data-bb-version=\"4.8.4\"  class=\"bt_bb_column col-xxl-6 col-xl-6 bt_bb_vertical_align_middle bt_bb_align_center bt_bb_padding_double\" style=\"; --column-width:6;\" data-width=\"6\" data-bt-override-class=\"{&quot;bt_bb_align_&quot;:{&quot;current_class&quot;:&quot;bt_bb_align_center&quot;,&quot;def&quot;:&quot;center&quot;},&quot;bt_bb_padding_&quot;:{&quot;current_class&quot;:&quot;bt_bb_padding_double&quot;,&quot;def&quot;:&quot;double&quot;}}\"><div class=\"bt_bb_column_content\"><div class=\"bt_bb_column_content_inner\"><div data-bb-version=\"4.8.4\" class=\"bt_bb_image bt_bb_shape_hard-rounded bt_bb_target_self bt_bb_align_inherit bt_bb_hover_style_simple bt_bb_content_display_always bt_bb_content_align_middle\" style=\"margin-left: -10em;\" data-bt-override-class=\"{&quot;bt_bb_align_&quot;:{&quot;current_class&quot;:&quot;bt_bb_align_inherit&quot;,&quot;def&quot;:&quot;inherit&quot;},&quot;bt_bb_content_display_&quot;:{&quot;current_class&quot;:&quot;bt_bb_content_display_always&quot;,&quot;def&quot;:&quot;always&quot;}}\"><span><img loading=\"lazy\" decoding=\"async\" width=\"320\" height=\"320\" src=\"https:\/\/lesc-sport.de\/location-teremeer\/wp-content\/uploads\/2024\/03\/IMG_5913-320x320.jpg\" class=\"attachment-boldthemes_small_square size-boldthemes_small_square\" alt=\"https:\/\/lesc-sport.de\/location-teremeer\/wp-content\/uploads\/2024\/03\/IMG_5913-320x320.jpg\" data-full_image_src=\"https:\/\/lesc-sport.de\/location-teremeer\/wp-content\/uploads\/2024\/03\/IMG_5913.jpg\" title=\"IMG_5913\" srcset=\"https:\/\/lesc-sport.de\/location-teremeer\/wp-content\/uploads\/2024\/03\/IMG_5913-320x320.jpg 320w, https:\/\/lesc-sport.de\/location-teremeer\/wp-content\/uploads\/2024\/03\/IMG_5913-640x640.jpg 640w, https:\/\/lesc-sport.de\/location-teremeer\/wp-content\/uploads\/2024\/03\/IMG_5913-160x160.jpg 160w, https:\/\/lesc-sport.de\/location-teremeer\/wp-content\/uploads\/2024\/03\/IMG_5913.jpg 695w\" sizes=\"auto, (max-width: 320px) 100vw, 320px\" \/><\/span><\/div><\/div><\/div><\/div><div  class=\"bt_bb_column col-xxl-6 col-xl-6 bt_bb_vertical_align_middle bt_bb_align_left bt_bb_padding_normal bt_bb_animation_fade_in animate\" style=\"; --column-width:6;\" data-width=\"6\" data-bt-override-class=\"{}\"><div class=\"bt_bb_column_content\"><div class=\"bt_bb_column_content_inner\"><div class=\"bt_bb_separator bt_bb_border_style_none bt_bb_bottom_spacing_medium\" data-bt-override-class=\"null\"><\/div><header data-bb-version=\"4.9.1\" class=\"bt_bb_headline bt_bb_font_weight_normal bt_bb_subheadline_text_transform_default bt_bb_color_scheme_5 bt_bb_dash_none bt_bb_subheadline bt_bb_size_normal bt_bb_align_inherit\" style=\"; --primary-color:#191919; --secondary-color:#dd1313;\" data-bt-override-class=\"{&quot;bt_bb_size_&quot;:{&quot;current_class&quot;:&quot;bt_bb_size_normal&quot;,&quot;def&quot;:&quot;normal&quot;},&quot;bt_bb_align_&quot;:{&quot;current_class&quot;:&quot;bt_bb_align_inherit&quot;,&quot;def&quot;:&quot;inherit&quot;}}\"><h2 class=\"bt_bb_headline_tag\"><span class=\"bt_bb_headline_content\"><span><strong>ROBERT<\/strong> VERHEIJ<\/span><\/span><\/h2><div class=\"bt_bb_headline_subheadline\">Trainer Jugend &amp; Erwachsene<\/div><\/header><div class=\"bt_bb_separator bt_bb_border_style_none bt_bb_bottom_spacing_small\" data-bt-override-class=\"null\"><\/div><div  class=\"bt_bb_text\" ><p>Ich bin Robert Verheij. Nach meiner Sportausbildung begann ich in den Niederlanden als Tennistrainer. Einige Jahre sp\u00e4ter ging ich in die USA, um Stipendiaten auszubilden und zu coachen. Als ich nach drei Jahren zur\u00fcckkam, um in den Niederlanden zu trainieren, arbeitete ich f\u00fcr mehrere gro\u00dfe Vereine (750-1200 Mitglieder) als Cheftrainer\/Manager und leitete sp\u00e4ter meine eigene Tennisschule mit 4 weiteren Tennistrainer. Ich habe mit Jugendprogrammen f\u00fcr den niederl\u00e4ndischen Tennisverband (KNLTB) und mit allen Arten von Spielern gearbeitet und trainiert. Vom dreij\u00e4hrigen Starter \u00fcber Ranglistenspieler bis hin zu Halbprofis. A-Spieler.<\/p>\n<p>Ich hoffe, wir sehen uns auf dem Platz.<\/p>\n<p>Sport University<br \/>\nUSPTR, KLNTB ABC trainer, (DTB A-trainer)<\/p>\n<\/div><div class=\"bt_bb_separator bt_bb_border_style_none bt_bb_bottom_spacing_normal\" data-bt-override-class=\"null\"><\/div><div class=\"bt_bb_icon bt_bb_color_scheme_6 bt_bb_style_filled bt_bb_size_normal bt_bb_shape_circle bt_bb_target_blank bt_bb_text_empty bt_bb_align_inherit\" style=\"; --primary-color:#ffffff; --secondary-color:#dd1313;\" data-bt-override-class=\"{}\"><a href=\"https:\/\/www.facebook.com\/boldthemes\/\"  target=\"_blank\"   data-ico-fontawesome=\"&#xf09a;\" class=\"bt_bb_icon_holder\"><\/a><\/div><div data-bb-version=\"4.9.1\" class=\"bt_bb_icon bt_bb_color_scheme_6 bt_bb_style_filled bt_bb_size_normal bt_bb_shape_circle bt_bb_target_blank bt_bb_text_empty bt_bb_align_inherit\" style=\"; --primary-color:#ffffff; --secondary-color:#dd1313;\" data-bt-override-class=\"{&quot;bt_bb_size_&quot;:{&quot;current_class&quot;:&quot;bt_bb_size_normal&quot;,&quot;def&quot;:&quot;normal&quot;},&quot;bt_bb_align_&quot;:{&quot;current_class&quot;:&quot;bt_bb_align_inherit&quot;,&quot;def&quot;:&quot;inherit&quot;}}\"><a href=\"https:\/\/twitter.com\/bold_themes\"  target=\"_blank\"   data-ico-fontawesome=\"&#xf16d;\" class=\"bt_bb_icon_holder\"><\/a><\/div><div class=\"bt_bb_separator bt_bb_border_style_none bt_bb_bottom_spacing_medium\" data-bt-override-class=\"null\"><\/div><\/div><\/div><\/div><\/div><\/div><\/div><!-- cell_inner --><\/div><!-- cell --><\/div><!-- port --><\/section><section id=\"bt_bb_section69ea0998aa89a\" class=\"bt_bb_section bt_bb_layout_boxed_1200 bt_bb_vertical_align_top bt_bb_top_spacing_large bt_bb_bottom_spacing_large\" style=\"z-index: 3;;background-color:rgb(255,255,255);\" data-bt-override-class=\"null\"><div class=\"bt_bb_port\"><div class=\"bt_bb_cell\"><div class=\"bt_bb_cell_inner\"><div class=\"bt_bb_row \"  data-bt-override-class=\"{}\"><div class=\"bt_bb_row_holder\" ><div  class=\"bt_bb_column col-xxl-12 col-xl-12 col-xs-12 col-sm-12 col-md-12 col-lg-12 bt_bb_vertical_align_top bt_bb_align_center bt_bb_padding_normal bt_bb_animation_fade_in animate\" style=\"; --column-width:12;\" data-width=\"12\" data-bt-override-class=\"{}\"><div class=\"bt_bb_column_content\"><div class=\"bt_bb_column_content_inner\"><header data-bb-version=\"4.9.1\" class=\"bt_bb_headline bt_bb_font_weight_normal bt_bb_subheadline_text_transform_default bt_bb_color_scheme_5 bt_bb_dash_none bt_bb_subheadline bt_bb_size_normal bt_bb_align_inherit\" style=\"; --primary-color:#191919; --secondary-color:#dd1313;\" data-bt-override-class=\"{&quot;bt_bb_size_&quot;:{&quot;current_class&quot;:&quot;bt_bb_size_normal&quot;,&quot;def&quot;:&quot;normal&quot;},&quot;bt_bb_align_&quot;:{&quot;current_class&quot;:&quot;bt_bb_align_inherit&quot;,&quot;def&quot;:&quot;inherit&quot;}}\"><h2 class=\"bt_bb_headline_tag\"><span class=\"bt_bb_headline_content\"><span>TENNISVEREIN <strong>NTC STADTWALD<\/strong><\/span><\/span><\/h2><div class=\"bt_bb_headline_subheadline\">Der familienfreundliche Club NTC Stadtwald ist unser Trainingsstandort.<\/div><\/header><div data-bb-version=\"4.8.9\" class=\"bt_bb_separator bt_bb_border_style_none bt_bb_top_spacing_small bt_bb_bottom_spacing_small\" data-bt-override-class=\"{&quot;bt_bb_top_spacing_&quot;:{&quot;current_class&quot;:&quot;bt_bb_top_spacing_small&quot;,&quot;def&quot;:&quot;small&quot;},&quot;bt_bb_bottom_spacing_&quot;:{&quot;current_class&quot;:&quot;bt_bb_bottom_spacing_small&quot;,&quot;def&quot;:&quot;small&quot;}}\"><\/div><\/div><\/div><\/div><\/div><\/div><div class=\"bt_bb_row \"  data-bt-override-class=\"{}\"><div class=\"bt_bb_row_holder\" ><div  class=\"bt_bb_column col-xxl-9 col-xl-9 col-xs-12 col-sm-12 col-md-12 col-lg-9 bt_bb_vertical_align_top bt_bb_align_center bt_bb_padding_text_indent bt_bb_animation_fade_in animate\" style=\"; --column-width:9;\" data-width=\"9\" data-bt-override-class=\"{}\"><div class=\"bt_bb_column_content\" style=\"background-color:rgba(255, 255, 255, 1);\"><div class=\"bt_bb_column_content_inner\"><div data-bb-version=\"4.8.9\" class=\"bt_bb_image bt_bb_shape_square bt_bb_target_self bt_bb_align_inherit bt_bb_hover_style_simple bt_bb_content_display_always bt_bb_content_align_bottom\" data-bt-override-class=\"{&quot;bt_bb_align_&quot;:{&quot;current_class&quot;:&quot;bt_bb_align_inherit&quot;,&quot;def&quot;:&quot;inherit&quot;},&quot;bt_bb_content_display_&quot;:{&quot;current_class&quot;:&quot;bt_bb_content_display_always&quot;,&quot;def&quot;:&quot;always&quot;}}\"><span><img loading=\"lazy\" decoding=\"async\" width=\"1024\" height=\"565\" src=\"https:\/\/lesc-sport.de\/location-teremeer\/wp-content\/uploads\/2024\/04\/Stadtwald1.jpg\" class=\"attachment-large size-large\" alt=\"https:\/\/lesc-sport.de\/location-teremeer\/wp-content\/uploads\/2024\/04\/Stadtwald1.jpg\" data-full_image_src=\"https:\/\/lesc-sport.de\/location-teremeer\/wp-content\/uploads\/2024\/04\/Stadtwald1.jpg\" title=\"Stadtwald1\" srcset=\"https:\/\/lesc-sport.de\/location-teremeer\/wp-content\/uploads\/2024\/04\/Stadtwald1.jpg 1024w, https:\/\/lesc-sport.de\/location-teremeer\/wp-content\/uploads\/2024\/04\/Stadtwald1-640x353.jpg 640w, https:\/\/lesc-sport.de\/location-teremeer\/wp-content\/uploads\/2024\/04\/Stadtwald1-768x424.jpg 768w, https:\/\/lesc-sport.de\/location-teremeer\/wp-content\/uploads\/2024\/04\/Stadtwald1-320x177.jpg 320w\" sizes=\"auto, (max-width: 1024px) 100vw, 1024px\" \/><\/span><\/div><div data-bb-version=\"4.8.9\" class=\"bt_bb_icon btMoveIconUp bt_bb_color_scheme_6 bt_bb_style_filled-border bt_bb_size_normal bt_bb_shape_circle bt_bb_target_blank bt_bb_text_empty bt_bb_align_inherit bt_bb_style_filled bt_bb_style_border\" style=\"; --primary-color:#ffffff; --secondary-color:#dd1313;\" data-bt-override-class=\"{&quot;bt_bb_size_&quot;:{&quot;current_class&quot;:&quot;bt_bb_size_normal&quot;,&quot;def&quot;:&quot;normal&quot;},&quot;bt_bb_align_&quot;:{&quot;current_class&quot;:&quot;bt_bb_align_inherit&quot;,&quot;def&quot;:&quot;inherit&quot;}}\"><a href=\"https:\/\/www.facebook.com\/pages\/NTC-Stadtwald-Neuss\/352653681503760\"  target=\"_blank\"   data-ico-fontawesome=\"&#xf09a;\" class=\"bt_bb_icon_holder\"><\/a><\/div><div data-bb-version=\"4.9.1\" class=\"bt_bb_icon btMoveIconUp bt_bb_color_scheme_6 bt_bb_style_filled-border bt_bb_size_normal bt_bb_shape_circle bt_bb_target_blank bt_bb_text_empty bt_bb_align_inherit bt_bb_style_filled bt_bb_style_border\" style=\"; --primary-color:#ffffff; --secondary-color:#dd1313;\" data-bt-override-class=\"{&quot;bt_bb_size_&quot;:{&quot;current_class&quot;:&quot;bt_bb_size_normal&quot;,&quot;def&quot;:&quot;normal&quot;},&quot;bt_bb_align_&quot;:{&quot;current_class&quot;:&quot;bt_bb_align_inherit&quot;,&quot;def&quot;:&quot;inherit&quot;}}\"><a href=\"https:\/\/www.facebook.com\/pages\/NTC-Stadtwald-Neuss\/352653681503760\"  target=\"_blank\"   data-ico-fontawesome=\"&#xf16d;\" class=\"bt_bb_icon_holder\"><\/a><\/div><\/div><\/div><\/div><div data-bb-version=\"4.8.9\"  class=\"bt_bb_column col-xxl-3 col-xl-3 col-xs-12 col-sm-12 col-md-12 col-lg-3 bt_bb_vertical_align_top bt_bb_align_left bt_bb_padding_none\" style=\"; --column-width:3;\" data-width=\"3\" data-bt-override-class=\"{&quot;bt_bb_align_&quot;:{&quot;current_class&quot;:&quot;bt_bb_align_left&quot;,&quot;def&quot;:&quot;left&quot;},&quot;bt_bb_padding_&quot;:{&quot;current_class&quot;:&quot;bt_bb_padding_none&quot;,&quot;def&quot;:&quot;none&quot;}}\"><div class=\"bt_bb_column_content\"><div class=\"bt_bb_column_content_inner\"><div data-bb-version=\"4.8.9\" class=\"bt_bb_image bt_bb_shape_square bt_bb_target_self bt_bb_align_inherit bt_bb_hover_style_simple bt_bb_content_display_always bt_bb_content_align_middle\" data-bt-override-class=\"{&quot;bt_bb_align_&quot;:{&quot;current_class&quot;:&quot;bt_bb_align_inherit&quot;,&quot;def&quot;:&quot;inherit&quot;},&quot;bt_bb_content_display_&quot;:{&quot;current_class&quot;:&quot;bt_bb_content_display_always&quot;,&quot;def&quot;:&quot;always&quot;}}\"><span><img loading=\"lazy\" decoding=\"async\" width=\"284\" height=\"471\" src=\"https:\/\/lesc-sport.de\/location-teremeer\/wp-content\/uploads\/2024\/04\/NTC-Stadtwald-logo-v2.jpg\" class=\"attachment-medium size-medium\" alt=\"https:\/\/lesc-sport.de\/location-teremeer\/wp-content\/uploads\/2024\/04\/NTC-Stadtwald-logo-v2.jpg\" data-full_image_src=\"https:\/\/lesc-sport.de\/location-teremeer\/wp-content\/uploads\/2024\/04\/NTC-Stadtwald-logo-v2.jpg\" title=\"NTC-Stadtwald-logo v2\" \/><\/span><\/div><\/div><\/div><\/div><\/div><\/div><div class=\"bt_bb_row \"  data-bt-override-class=\"{}\"><div class=\"bt_bb_row_holder\" ><div  class=\"bt_bb_column col-xxl-6 col-xl-6 col-xs-12 col-sm-6 col-md-6 col-lg-6 bt_bb_vertical_align_top bt_bb_align_left bt_bb_padding_normal\" style=\"; --column-width:6;\" data-width=\"6\" data-bt-override-class=\"{}\"><div class=\"bt_bb_column_content\"><div class=\"bt_bb_column_content_inner\"><div class=\"bt_bb_separator bt_bb_border_style_none bt_bb_bottom_spacing_normal\" data-bt-override-class=\"null\"><\/div><header data-bb-version=\"4.9.1\" class=\"bt_bb_headline bt_bb_subheadline_text_transform_default bt_bb_dash_none bt_bb_subheadline bt_bb_size_inherit bt_bb_align_inherit\" data-bt-override-class=\"{&quot;bt_bb_size_&quot;:{&quot;current_class&quot;:&quot;bt_bb_size_inherit&quot;,&quot;def&quot;:&quot;inherit&quot;},&quot;bt_bb_align_&quot;:{&quot;current_class&quot;:&quot;bt_bb_align_inherit&quot;,&quot;def&quot;:&quot;inherit&quot;}}\"><div class=\"bt_bb_headline_subheadline\">Unter dem Motto \u201eder Mensch steht im Mittelpunkt\u201c bieten wir unseren Mitgliedern ein breit gef\u00e4chertes Angebot an Aktivit\u00e4ten auf und neben dem Tennisplatz. Neben dem Training haben wir f\u00fcr Spielerinnen und Spieler aller Alters- und Leistungsklassen eine passende Mannschaft. W\u00e4hrend der Saison veranstaltet der Club Turniere f\u00fcr jede Leistungsstufe. Zu den H\u00f6hepunkten geh\u00f6ren die Clubmeisterschaften, das traditionelle Benefizturnier und als fester Bestandteil des Jahres, das Kidsturnier.<\/p><br \/>\n<p>Im Jugendbereich erhalten Jugendliche Trainingsm\u00f6glichkeiten und spielen bei Interesse in der Medenspielrunde. Im Erwachsenenbereich gibt es Damen und Herrenmannschaften die am Meden- Spielbetrieb des TVN teilnehmen. F\u00fcr die Freizeitspieler bieten sich auch unsere Hobbymannschaften an. Der Breitensport umfasst sportliche Aktivit\u00e4ten, die haupts\u00e4chlich der k\u00f6rperlichen Fitness und dem Spa\u00df am Sport dienen. Damit grenzt sich der Breitensport vom wettkampforientierten und trainingsintensiven Leistungssport ab. Dennoch sind Wettk\u00e4mpfe, in speziellen in Mannschaften, auch im Breitensportbereich heute selbstverst\u00e4ndlich. Diese dann aber eher als Freundschaftsspiele in der Kategorie \"Freizeitsport\". Kommen Sie und werden Sie Mitglied im NTC Stadtwald<\/p><br \/>\n<p>Ganz gleich, ob Sie Tennis-Neueinsteiger, aktiver Tennisspieler, versierter Meden- und Hobbyspieler oder Tennis-R\u00fcckkehrer sind, - wir bieten Tennis f\u00fcr alle Alters- und Leistungsklassen in freundlicher Atmosph\u00e4re an!<\/p><br \/>\n<p><\/div><\/header><\/div><\/div><\/div><div data-bb-version=\"4.8.9\"  class=\"bt_bb_column col-xxl-6 col-xl-6 col-xs-12 col-sm-6 col-md-6 col-lg-6 bt_bb_vertical_align_top bt_bb_align_left bt_bb_padding_none\" style=\"; --column-width:6;\" data-width=\"6\" data-bt-override-class=\"{&quot;bt_bb_align_&quot;:{&quot;current_class&quot;:&quot;bt_bb_align_left&quot;,&quot;def&quot;:&quot;left&quot;},&quot;bt_bb_padding_&quot;:{&quot;current_class&quot;:&quot;bt_bb_padding_none&quot;,&quot;def&quot;:&quot;none&quot;}}\"><div class=\"bt_bb_column_content\"><div class=\"bt_bb_column_content_inner\"><div data-bb-version=\"4.9.1\" class=\"bt_bb_image bt_bb_shape_square bt_bb_target_self bt_bb_align_inherit bt_bb_hover_style_simple bt_bb_content_display_always bt_bb_content_align_middle\" data-bt-override-class=\"{&quot;bt_bb_align_&quot;:{&quot;current_class&quot;:&quot;bt_bb_align_inherit&quot;,&quot;def&quot;:&quot;inherit&quot;},&quot;bt_bb_content_display_&quot;:{&quot;current_class&quot;:&quot;bt_bb_content_display_always&quot;,&quot;def&quot;:&quot;always&quot;}}\"><span><img loading=\"lazy\" decoding=\"async\" width=\"640\" height=\"853\" src=\"https:\/\/lesc-sport.de\/location-teremeer\/wp-content\/uploads\/2024\/04\/Foto-Playground-640x853.jpg\" class=\"attachment-medium size-medium\" alt=\"https:\/\/lesc-sport.de\/location-teremeer\/wp-content\/uploads\/2024\/04\/Foto-Playground-640x853.jpg\" data-full_image_src=\"https:\/\/lesc-sport.de\/location-teremeer\/wp-content\/uploads\/2024\/04\/Foto-Playground-scaled.jpg\" title=\"Foto Playground\" srcset=\"https:\/\/lesc-sport.de\/location-teremeer\/wp-content\/uploads\/2024\/04\/Foto-Playground-640x853.jpg 640w, https:\/\/lesc-sport.de\/location-teremeer\/wp-content\/uploads\/2024\/04\/Foto-Playground-1280x1707.jpg 1280w, https:\/\/lesc-sport.de\/location-teremeer\/wp-content\/uploads\/2024\/04\/Foto-Playground-768x1024.jpg 768w, https:\/\/lesc-sport.de\/location-teremeer\/wp-content\/uploads\/2024\/04\/Foto-Playground-1152x1536.jpg 1152w, https:\/\/lesc-sport.de\/location-teremeer\/wp-content\/uploads\/2024\/04\/Foto-Playground-1536x2048.jpg 1536w, https:\/\/lesc-sport.de\/location-teremeer\/wp-content\/uploads\/2024\/04\/Foto-Playground-320x427.jpg 320w, https:\/\/lesc-sport.de\/location-teremeer\/wp-content\/uploads\/2024\/04\/Foto-Playground-scaled.jpg 1920w\" sizes=\"auto, (max-width: 640px) 100vw, 640px\" \/><\/span><\/div><\/div><\/div><\/div><\/div><\/div><div class=\"bt_bb_row \"  data-bt-override-class=\"{}\"><div class=\"bt_bb_row_holder\" ><\/div><\/div><\/div><!-- cell_inner --><\/div><!-- cell --><\/div><!-- port --><\/section><section data-bb-version=\"4.9.1\" id=\"bt_bb_section69ea0998aca4c\" class=\"bt_bb_section bt_bb_layout_boxed_1200\"  data-bt-override-class=\"null\"><div class=\"bt_bb_port\"><div class=\"bt_bb_cell\"><div class=\"bt_bb_cell_inner\"><div class=\"bt_bb_row \"  data-bt-override-class=\"{}\"><div class=\"bt_bb_row_holder\" ><div data-bb-version=\"4.9.1\"  class=\"bt_bb_column col-xxl-12 col-xl-12 col-xs-12 col-sm-12 col-md-12 col-lg-12 bt_bb_vertical_align_top bt_bb_align_left bt_bb_padding_normal\" style=\"; --column-width:12;\" data-width=\"12\" data-bt-override-class=\"{}\"><div class=\"bt_bb_column_content\"><div class=\"bt_bb_column_content_inner\"><div data-bb-version=\"4.9.1\" class=\"bt_bb_separator bt_bb_border_style_none bt_bb_top_spacing_large bt_bb_bottom_spacing_none\" data-bt-override-class=\"{&quot;bt_bb_top_spacing_&quot;:{&quot;current_class&quot;:&quot;bt_bb_top_spacing_large&quot;,&quot;def&quot;:&quot;large&quot;},&quot;bt_bb_bottom_spacing_&quot;:{&quot;current_class&quot;:&quot;bt_bb_bottom_spacing_none&quot;,&quot;def&quot;:&quot;none&quot;}}\"><\/div><\/div><\/div><\/div><\/div><\/div><\/div><!-- cell_inner --><\/div><!-- cell --><\/div><!-- port --><\/section><section id=\"bt_bb_section69ea0998acbbb\" class=\"bt_bb_section bt_bb_layout_wide bt_bb_vertical_align_top bt_bb_top_negative_margin_extra_large\"  data-bt-override-class=\"null\"><div class=\"bt_bb_port\"><div class=\"bt_bb_cell\"><div class=\"bt_bb_cell_inner\"><div class=\"bt_bb_row \"  data-bt-override-class=\"{}\"><div class=\"bt_bb_row_holder\" ><div  class=\"bt_bb_column col-xxl-12 col-xl-12 bt_bb_vertical_align_top bt_bb_align_left bt_bb_padding_normal bt_bb_animation_fade_in move_left animate\" style=\"background-color:rgb(255,255,255);; --column-width:12;\" data-width=\"12\" data-bt-override-class=\"{}\"><div class=\"bt_bb_column_content\"><div class=\"bt_bb_column_content_inner\"><div data-bb-version=\"4.9.1\" class=\"bt_bb_separator bt_bb_border_style_none bt_bb_top_spacing_large bt_bb_bottom_spacing_medium\" data-bt-override-class=\"{&quot;bt_bb_top_spacing_&quot;:{&quot;current_class&quot;:&quot;bt_bb_top_spacing_large&quot;,&quot;def&quot;:&quot;large&quot;},&quot;bt_bb_bottom_spacing_&quot;:{&quot;current_class&quot;:&quot;bt_bb_bottom_spacing_medium&quot;,&quot;def&quot;:&quot;medium&quot;}}\"><\/div><div class=\"bt_bb_image bt_bb_shape_square bt_bb_target_self bt_bb_align_inherit bt_bb_hover_style_simple bt_bb_content_display_always bt_bb_content_align_bottom\" data-bt-override-class=\"{}\"><span><img fetchpriority=\"high\" decoding=\"async\" width=\"2048\" height=\"506\" src=\"https:\/\/lesc-sport.de\/location-teremeer\/wp-content\/uploads\/2017\/12\/inner_player.png\" class=\"attachment-full size-full\" alt=\"https:\/\/lesc-sport.de\/location-teremeer\/wp-content\/uploads\/2017\/12\/inner_player.png\" data-full_image_src=\"https:\/\/lesc-sport.de\/location-teremeer\/wp-content\/uploads\/2017\/12\/inner_player.png\" title=\"inner_player\" loading=\"eager\" srcset=\"https:\/\/lesc-sport.de\/location-teremeer\/wp-content\/uploads\/2017\/12\/inner_player.png 2048w, https:\/\/lesc-sport.de\/location-teremeer\/wp-content\/uploads\/2017\/12\/inner_player-640x158.png 640w, https:\/\/lesc-sport.de\/location-teremeer\/wp-content\/uploads\/2017\/12\/inner_player-1280x316.png 1280w, https:\/\/lesc-sport.de\/location-teremeer\/wp-content\/uploads\/2017\/12\/inner_player-768x190.png 768w, https:\/\/lesc-sport.de\/location-teremeer\/wp-content\/uploads\/2017\/12\/inner_player-1536x380.png 1536w, https:\/\/lesc-sport.de\/location-teremeer\/wp-content\/uploads\/2017\/12\/inner_player-320x79.png 320w\" sizes=\"(max-width: 2048px) 100vw, 2048px\" \/><\/span><\/div><\/div><\/div><\/div><\/div><\/div><\/div><!-- cell_inner --><\/div><!-- cell --><\/div><!-- port --><\/section>\n","protected":false},"excerpt":{"rendered":"","protected":false},"author":1,"featured_media":0,"parent":0,"menu_order":0,"comment_status":"closed","ping_status":"closed","template":"","meta":{"_acf_changed":false,"footnotes":""},"class_list":["post-2361","page","type-page","status-publish","hentry"],"acf":[],"_links":{"self":[{"href":"https:\/\/lesc-sport.de\/location-teremeer\/wp-json\/wp\/v2\/pages\/2361","targetHints":{"allow":["GET"]}}],"collection":[{"href":"https:\/\/lesc-sport.de\/location-teremeer\/wp-json\/wp\/v2\/pages"}],"about":[{"href":"https:\/\/lesc-sport.de\/location-teremeer\/wp-json\/wp\/v2\/types\/page"}],"author":[{"embeddable":true,"href":"https:\/\/lesc-sport.de\/location-teremeer\/wp-json\/wp\/v2\/users\/1"}],"replies":[{"embeddable":true,"href":"https:\/\/lesc-sport.de\/location-teremeer\/wp-json\/wp\/v2\/comments?post=2361"}],"version-history":[{"count":77,"href":"https:\/\/lesc-sport.de\/location-teremeer\/wp-json\/wp\/v2\/pages\/2361\/revisions"}],"predecessor-version":[{"id":6588,"href":"https:\/\/lesc-sport.de\/location-teremeer\/wp-json\/wp\/v2\/pages\/2361\/revisions\/6588"}],"wp:attachment":[{"href":"https:\/\/lesc-sport.de\/location-teremeer\/wp-json\/wp\/v2\/media?parent=2361"}],"curies":[{"name":"wp","href":"https:\/\/api.w.org\/{rel}","templated":true}]}}