{"id":2125,"date":"2017-10-19T10:26:22","date_gmt":"2017-10-19T10:26:22","guid":{"rendered":"http:\/\/oxygen-club.bold-themes.com\/main-demo\/?page_id=28"},"modified":"2024-04-07T09:27:05","modified_gmt":"2024-04-07T09:27:05","slug":"contact","status":"publish","type":"page","link":"https:\/\/lesc-sport.de\/location-teremeer\/contact\/","title":{"rendered":"Kontakt"},"content":{"rendered":"<section id=\"bt_bb_section69ea1cb5d6316\" class=\"bt_bb_section bt_bb_layout_boxed_1200 bt_bb_vertical_align_top bt_bb_top_spacing_large bt_bb_bottom_spacing_large\"  data-bt-override-class=\"null\"><div class=\"bt_bb_port\"><div class=\"bt_bb_cell\"><div class=\"bt_bb_cell_inner\"><div class=\"bt_bb_row \"  data-bt-override-class=\"{}\"><div class=\"bt_bb_row_holder\" ><div  class=\"bt_bb_column col-xxl-6 col-xl-6 bt_bb_vertical_align_top bt_bb_align_left bt_bb_padding_normal bt_bb_animation_fade_in animate\" style=\"; --column-width:6;\" data-width=\"6\" data-bt-override-class=\"{}\"><div class=\"bt_bb_column_content\"><div class=\"bt_bb_column_content_inner\"><div  class=\"bt_bb_text\" ><div class=\"wpforms-container wpforms-container-full\" id=\"wpforms-2211\">\n<form id=\"wpforms-form-2211\" class=\"wpforms-validate wpforms-form wpforms-ajax-form\" data-formid=\"2211\" method=\"post\" enctype=\"multipart\/form-data\" action=\"\/location-teremeer\/wp-json\/wp\/v2\/pages\/2125\" data-token=\"aeb3e78c4421f1709d92469fbe8d9c43\" data-token-time=\"1776950453\"><noscript class=\"wpforms-error-noscript\">Please enable JavaScript in your browser to complete this form.<\/noscript><\/p>\n<div class=\"wpforms-field-container\">\n<div id=\"wpforms-2211-field_0-container\" class=\"wpforms-field wpforms-field-name\" data-field-id=\"0\"><label class=\"wpforms-field-label\">Name <span class=\"wpforms-required-label\">*<\/span><\/label><\/p>\n<div class=\"wpforms-field-row wpforms-field-small\">\n<div class=\"wpforms-field-row-block wpforms-first wpforms-one-half\"><input type=\"text\" id=\"wpforms-2211-field_0\" class=\"wpforms-field-name-first wpforms-field-required\" name=\"wpforms[fields][0][first]\" placeholder=\"Rufname\" required><label for=\"wpforms-2211-field_0\" class=\"wpforms-field-sublabel after\">First<\/label><\/div>\n<div class=\"wpforms-field-row-block wpforms-one-half\"><input type=\"text\" id=\"wpforms-2211-field_0-last\" class=\"wpforms-field-name-last wpforms-field-required\" name=\"wpforms[fields][0][last]\" placeholder=\"Familienname\" required><label for=\"wpforms-2211-field_0-last\" class=\"wpforms-field-sublabel after\">Last<\/label><\/div>\n<\/div>\n<\/div>\n<div id=\"wpforms-2211-field_1-container\" class=\"wpforms-field wpforms-field-email\" data-field-id=\"1\"><label class=\"wpforms-field-label\">E-Mail <span class=\"wpforms-required-label\">*<\/span><\/label><\/p>\n<div class=\"wpforms-field-row wpforms-field-medium\">\n<div class=\"wpforms-field-row-block wpforms-one-half wpforms-first\"><input type=\"email\" id=\"wpforms-2211-field_1\" class=\"wpforms-field-required wpforms-field-email-primary\" name=\"wpforms[fields][1][primary]\" placeholder=\"E-Mail-Adresse\" spellcheck=\"false\" required><label for=\"wpforms-2211-field_1\" class=\"wpforms-field-sublabel after\">Email<\/label><\/div>\n<div class=\"wpforms-field-row-block wpforms-one-half\"><input type=\"email\" id=\"wpforms-2211-field_1-secondary\" class=\"wpforms-field-email-secondary wpforms-field-required\" data-rule-confirm=\"#wpforms-2211-field_1\" name=\"wpforms[fields][1][secondary]\" placeholder=\"E-Mail-Adresse best\u00e4tigen\" spellcheck=\"false\" required><label for=\"wpforms-2211-field_1-secondary\" class=\"wpforms-field-sublabel after\">Confirm Email<\/label><\/div>\n<\/div>\n<\/div>\n<div id=\"wpforms-2211-field_5-container\" class=\"wpforms-field wpforms-field-phone\" data-field-id=\"5\"><label class=\"wpforms-field-label\" for=\"wpforms-2211-field_5\">Mobile nr.<\/label><input type=\"tel\" id=\"wpforms-2211-field_5\" class=\"wpforms-field-medium wpforms-smart-phone-field\" data-rule-smart-phone-field=\"true\" name=\"wpforms[fields][5]\" aria-label=\"Mobile nr.\" ><\/div>\n<div id=\"wpforms-2211-field_3-container\"\n\t\t\tclass=\"wpforms-field wpforms-field-text\"\n\t\t\tdata-field-type=\"text\"\n\t\t\tdata-field-id=\"3\"\n\t\t\t><br \/>\n\t\t\t<label class=\"wpforms-field-label\" for=\"wpforms-2211-field_3\" >E-Mail nr. Nachricht<\/label><br \/>\n\t\t\t<input type=\"text\" id=\"wpforms-2211-field_3\" class=\"wpforms-field-medium\" name=\"wpforms[fields][3]\" >\n\t\t<\/div>\n<div id=\"wpforms-2211-field_2-container\" class=\"wpforms-field wpforms-field-textarea\" data-field-id=\"2\"><label class=\"wpforms-field-label\" for=\"wpforms-2211-field_2\">Nachricht<\/label><textarea id=\"wpforms-2211-field_2\" class=\"wpforms-field-medium\" name=\"wpforms[fields][2]\" ><\/textarea><\/div>\n<p><script>\n\t\t\t\t( function() {\n\t\t\t\t\tconst style = document.createElement( 'style' );\n\t\t\t\t\tstyle.appendChild( document.createTextNode( '#wpforms-2211-field_3-container { position: absolute !important; overflow: hidden !important; display: inline !important; height: 1px !important; width: 1px !important; z-index: -1000 !important; padding: 0 !important; } #wpforms-2211-field_3-container input { visibility: hidden; } #wpforms-conversational-form-page #wpforms-2211-field_3-container label { counter-increment: none; }' ) );\n\t\t\t\t\tdocument.head.appendChild( style );\n\t\t\t\t\tdocument.currentScript?.remove();\n\t\t\t\t} )();\n\t\t\t<\/script><\/div>\n<p><!-- .wpforms-field-container --><\/p>\n<div class=\"wpforms-recaptcha-container wpforms-is-recaptcha wpforms-is-recaptcha-type-v3\" ><input type=\"hidden\" name=\"wpforms[recaptcha]\" value=\"\"><\/div>\n<div class=\"wpforms-submit-container\" ><input type=\"hidden\" name=\"wpforms[id]\" value=\"2211\"><input type=\"hidden\" name=\"page_title\" value=\"\"><input type=\"hidden\" name=\"page_url\" value=\"https:\/\/lesc-sport.de\/location-teremeer\/wp-json\/wp\/v2\/pages\/2125\"><input type=\"hidden\" name=\"url_referer\" value=\"\"><button type=\"submit\" name=\"wpforms[submit]\" id=\"wpforms-submit-2211\" class=\"wpforms-submit\" data-alt-text=\"Versand...\" data-submit-text=\"Versenden\" aria-live=\"assertive\" value=\"wpforms-submit\">Versenden<\/button><img loading=\"lazy\" decoding=\"async\" src=\"https:\/\/lesc-sport.de\/location-teremeer\/wp-content\/plugins\/wpforms\/assets\/images\/submit-spin.svg\" class=\"wpforms-submit-spinner\" style=\"display: none;\" width=\"26\" height=\"26\" alt=\"Loading\"><\/div>\n<\/form>\n<\/div>\n<p>  <!-- .wpforms-container --><\/p>\n<\/div><\/div><\/div><\/div><div  class=\"bt_bb_column col-xxl-6 col-xl-6 bt_bb_vertical_align_top bt_bb_align_left bt_bb_padding_normal bt_bb_animation_fade_in animate\" style=\"; --column-width:6;\" data-width=\"6\" data-bt-override-class=\"{}\"><div class=\"bt_bb_column_content\"><div class=\"bt_bb_column_content_inner\"><div class=\"bt_bb_image bt_bb_shape_square bt_bb_target_self bt_bb_align_inherit bt_bb_hover_style_simple bt_bb_content_display_always bt_bb_content_align_middle\" data-bt-override-class=\"{}\"><span><img fetchpriority=\"high\" decoding=\"async\" width=\"640\" height=\"480\" src=\"https:\/\/lesc-sport.de\/location-teremeer\/wp-content\/uploads\/2017\/11\/tickets_inner_02.jpg\" class=\"attachment-full size-full\" alt=\"https:\/\/lesc-sport.de\/location-teremeer\/wp-content\/uploads\/2017\/11\/tickets_inner_02.jpg\" data-full_image_src=\"https:\/\/lesc-sport.de\/location-teremeer\/wp-content\/uploads\/2017\/11\/tickets_inner_02.jpg\" title=\"tickets_inner_02\" loading=\"eager\" srcset=\"https:\/\/lesc-sport.de\/location-teremeer\/wp-content\/uploads\/2017\/11\/tickets_inner_02.jpg 640w, https:\/\/lesc-sport.de\/location-teremeer\/wp-content\/uploads\/2017\/11\/tickets_inner_02-320x240.jpg 320w\" sizes=\"(max-width: 640px) 100vw, 640px\" \/><\/span><\/div><\/div><\/div><\/div><\/div><\/div><\/div><!-- cell_inner --><\/div><!-- cell --><\/div><!-- port --><\/section><section id=\"bt_bb_section69ea1cb5d968c\" class=\"bt_bb_section bt_bb_color_scheme_2 bt_bb_layout_boxed_1200 bt_bb_vertical_align_top bt_bb_top_spacing_large bt_bb_bottom_spacing_medium\" style=\"; --section-primary-color:#191919; --section-secondary-color:#ffffff;\" data-bt-override-class=\"null\"><div class=\"bt_bb_port\"><div class=\"bt_bb_cell\"><div class=\"bt_bb_cell_inner\"><div class=\"bt_bb_row \"  data-bt-override-class=\"{}\"><div class=\"bt_bb_row_holder\" ><div  class=\"bt_bb_column col-xxl-3 col-xl-3 bt_bb_vertical_align_top bt_bb_align_center bt_bb_padding_normal bt_bb_animation_fade_in animate\" style=\"; --column-width:3;\" data-width=\"3\" data-bt-override-class=\"{}\"><div class=\"bt_bb_column_content\"><div class=\"bt_bb_column_content_inner\"><div class=\"bt_bb_service bt_bb_color_scheme_6 bt_bb_style_filled bt_bb_size_large bt_bb_shape_circle bt_bb_target_self bt_bb_align_inherit\" style=\"; --primary-color:#ffffff; --secondary-color:#dd1313;\" data-bt-override-class=\"{}\"><a href=\"#\"  target=\"_self\"  title=\"MAIN FIELD\"  data-ico-icon7stroke=\"&#xe637;\" class=\"bt_bb_icon_holder\"><\/a><div class=\"bt_bb_service_content\"><div class=\"bt_bb_service_content_title\"><a href=\"#\" target=\"_self\" title=\"MAIN FIELD\">MAIN FIELD<\/a><\/div><div class=\"bt_bb_service_content_text\">1096 Madison Ave, NY 10028<\/div><\/div><\/div><div class=\"bt_bb_separator bt_bb_border_style_none bt_bb_bottom_spacing_medium\" data-bt-override-class=\"null\"><\/div><\/div><\/div><\/div><div  class=\"bt_bb_column col-xxl-3 col-xl-3 bt_bb_vertical_align_top bt_bb_align_center bt_bb_padding_normal bt_bb_animation_fade_in animate\" style=\"; --column-width:3;\" data-width=\"3\" data-bt-override-class=\"{}\"><div class=\"bt_bb_column_content\"><div class=\"bt_bb_column_content_inner\"><div class=\"bt_bb_service bt_bb_color_scheme_6 bt_bb_style_filled bt_bb_size_large bt_bb_shape_circle bt_bb_target_self bt_bb_align_inherit\" style=\"; --primary-color:#ffffff; --secondary-color:#dd1313;\" data-bt-override-class=\"{}\"><a href=\"#\"  target=\"_self\"  title=\"OXYGEN COURT\"  data-ico-essential=\"&#xe9b9;\" class=\"bt_bb_icon_holder\"><\/a><div class=\"bt_bb_service_content\"><div class=\"bt_bb_service_content_title\"><a href=\"#\" target=\"_self\" title=\"OXYGEN COURT\">OXYGEN COURT<\/a><\/div><div class=\"bt_bb_service_content_text\">1 E 161st St, Bronx, NY 10451<\/div><\/div><\/div><div class=\"bt_bb_separator bt_bb_border_style_none bt_bb_bottom_spacing_medium\" data-bt-override-class=\"null\"><\/div><\/div><\/div><\/div><div  class=\"bt_bb_column col-xxl-3 col-xl-3 bt_bb_vertical_align_top bt_bb_align_center bt_bb_padding_normal bt_bb_animation_fade_in animate\" style=\"; --column-width:3;\" data-width=\"3\" data-bt-override-class=\"{}\"><div class=\"bt_bb_column_content\"><div class=\"bt_bb_column_content_inner\"><div class=\"bt_bb_service bt_bb_color_scheme_6 bt_bb_style_filled bt_bb_size_large bt_bb_shape_circle bt_bb_target_self bt_bb_align_inherit\" style=\"; --primary-color:#ffffff; --secondary-color:#dd1313;\" data-bt-override-class=\"{}\"><a href=\"#\"  target=\"_self\"  title=\"WRITE US\"  data-ico-icon7stroke=\"&#xe63a;\" class=\"bt_bb_icon_holder\"><\/a><div class=\"bt_bb_service_content\"><div class=\"bt_bb_service_content_title\"><a href=\"#\" target=\"_self\" title=\"WRITE US\">WRITE US<\/a><\/div><div class=\"bt_bb_service_content_text\">club@bold-themes.com info@bold-themes.com<\/div><\/div><\/div><div class=\"bt_bb_separator bt_bb_border_style_none bt_bb_bottom_spacing_medium\" data-bt-override-class=\"null\"><\/div><\/div><\/div><\/div><div  class=\"bt_bb_column col-xxl-3 col-xl-3 bt_bb_vertical_align_top bt_bb_align_center bt_bb_padding_normal bt_bb_animation_fade_in animate\" style=\"; --column-width:3;\" data-width=\"3\" data-bt-override-class=\"{}\"><div class=\"bt_bb_column_content\"><div class=\"bt_bb_column_content_inner\"><div class=\"bt_bb_service bt_bb_color_scheme_6 bt_bb_style_filled bt_bb_size_large bt_bb_shape_circle bt_bb_target_self bt_bb_align_inherit\" style=\"; --primary-color:#ffffff; --secondary-color:#dd1313;\" data-bt-override-class=\"{}\"><a href=\"#\"  target=\"_self\"  title=\"CALL US\"  data-ico-icon7stroke=\"&#xe627;\" class=\"bt_bb_icon_holder\"><\/a><div class=\"bt_bb_service_content\"><div class=\"bt_bb_service_content_title\"><a href=\"#\" target=\"_self\" title=\"CALL US\">CALL US<\/a><\/div><div class=\"bt_bb_service_content_text\">+ 1 555 2367 890 + 1 555 4575 547<\/div><\/div><\/div><div class=\"bt_bb_separator bt_bb_border_style_none bt_bb_bottom_spacing_medium\" data-bt-override-class=\"null\"><\/div><\/div><\/div><\/div><\/div><\/div><\/div><!-- cell_inner --><\/div><!-- cell --><\/div><!-- port --><\/section>\n","protected":false},"excerpt":{"rendered":"<p>M\u00f6chten Sie Tennisunterricht bei der LESC Tennis School nehmen? F\u00fcr weitere Informationen k\u00f6nnen Sie uns gerne kontaktieren.<br \/>\nWenn Sie bereits davon \u00fcberzeugt sind, Unterricht zu nehmen, melden Sie sich bitte mit dem f\u00fcr Sie bestimmten Formular an.<\/p>\n","protected":false},"author":2,"featured_media":32,"parent":0,"menu_order":0,"comment_status":"closed","ping_status":"closed","template":"","meta":{"_acf_changed":false,"footnotes":""},"class_list":["post-2125","page","type-page","status-publish","has-post-thumbnail","hentry"],"acf":[],"_links":{"self":[{"href":"https:\/\/lesc-sport.de\/location-teremeer\/wp-json\/wp\/v2\/pages\/2125","targetHints":{"allow":["GET"]}}],"collection":[{"href":"https:\/\/lesc-sport.de\/location-teremeer\/wp-json\/wp\/v2\/pages"}],"about":[{"href":"https:\/\/lesc-sport.de\/location-teremeer\/wp-json\/wp\/v2\/types\/page"}],"author":[{"embeddable":true,"href":"https:\/\/lesc-sport.de\/location-teremeer\/wp-json\/wp\/v2\/users\/2"}],"replies":[{"embeddable":true,"href":"https:\/\/lesc-sport.de\/location-teremeer\/wp-json\/wp\/v2\/comments?post=2125"}],"version-history":[{"count":4,"href":"https:\/\/lesc-sport.de\/location-teremeer\/wp-json\/wp\/v2\/pages\/2125\/revisions"}],"predecessor-version":[{"id":3813,"href":"https:\/\/lesc-sport.de\/location-teremeer\/wp-json\/wp\/v2\/pages\/2125\/revisions\/3813"}],"wp:featuredmedia":[{"embeddable":true,"href":"https:\/\/lesc-sport.de\/location-teremeer\/wp-json\/"}],"wp:attachment":[{"href":"https:\/\/lesc-sport.de\/location-teremeer\/wp-json\/wp\/v2\/media?parent=2125"}],"curies":[{"name":"wp","href":"https:\/\/api.w.org\/{rel}","templated":true}]}}