{"id":17679,"date":"2026-02-04T13:01:24","date_gmt":"2026-02-04T11:01:24","guid":{"rendered":"https:\/\/lesc-sport.de\/location-teremeer\/?page_id=17679"},"modified":"2026-02-04T13:01:24","modified_gmt":"2026-02-04T11:01:24","slug":"info-training","status":"publish","type":"page","link":"https:\/\/lesc-sport.de\/location-teremeer\/info-training\/","title":{"rendered":"Info training"},"content":{"rendered":"<section data-bb-version=\"5.6.3\" id=\"bt_bb_section69ea099a373f1\" class=\"bt_bb_section bt_bb_layout_boxed_1200\"  data-bt-override-class=\"null\"><div class=\"bt_bb_port\"><div class=\"bt_bb_cell\"><div class=\"bt_bb_cell_inner\"><div class=\"bt_bb_row \"  data-bt-override-class=\"{}\"><div class=\"bt_bb_row_holder\" ><div data-bb-version=\"5.6.3\"  class=\"bt_bb_column col-xxl-12 col-xl-12 col-xs-12 col-sm-12 col-md-12 col-lg-12 bt_bb_vertical_align_top bt_bb_align_left bt_bb_padding_normal\" style=\"; --column-width:12;\" data-width=\"12\" data-bt-override-class=\"{}\"><div class=\"bt_bb_column_content\"><div class=\"bt_bb_column_content_inner\"><div data-bb-version=\"5.6.3\"  class=\"bt_bb_text\" ><section id=\"bt_bb_section6983267159e82\" class=\"bt_bb_section bt_bb_layout_boxed_1200\" data-bb-version=\"5.5.8\" data-bt-override-class=\"null\">\n<div class=\"bt_bb_port\">\n<div class=\"bt_bb_cell\">\n<div class=\"bt_bb_cell_inner\">\n<div class=\"bt_bb_row \" data-bt-override-class=\"{}\" data-structure=\"12\">\n<div class=\"bt_bb_row_holder\">\n<div class=\"bt_bb_column col-xxl-12 col-xl-12 col-xs-12 col-sm-12 col-md-12 col-lg-12 bt_bb_vertical_align_top bt_bb_align_left bt_bb_padding_normal\" data-bb-version=\"5.5.8\" data-width=\"12\" data-bt-override-class=\"{}\">\n<div class=\"bt_bb_column_content\">\n<div class=\"bt_bb_column_content_inner\">\n<div class=\"bt_bb_text\" data-bb-version=\"5.5.8\">\n<h6>Sommersaison 2026 von Mitte April bis Mitte September (circa 16 Trainingswochen). Alle Preise inkl. weitere Aktivit\u00e4ten, Trainerhonorar, MwSt, Ballkosten, Kosten f\u00fcr Hilfsmittel, Verwaltungskosten etc.\u00a0<\/h6>\n<p>\u00a0<\/p>\n<p>Gem\u00e4\u00df aktueller Planung startet die Sommersaison am <b>13.04.2026 <\/b>und endet am<b> 13.09.2026 <\/b>(\u00e4bhangig von Platz- und Wetterverh\u00e4ltnissen).<\/p>\n<p>\u00a0<\/p>\n<\/div>\n<\/div>\n<\/div>\n<\/div>\n<\/div>\n<\/div>\n<\/div>\n<\/div>\n<\/div>\n<\/section>\n<section id=\"bt_bb_section698326715a196\" class=\"bt_bb_section bt_bb_layout_boxed_1200\" data-bb-version=\"5.5.9\" data-bt-override-class=\"null\">\n<div class=\"bt_bb_port\">\n<div class=\"bt_bb_cell\">\n<div class=\"bt_bb_cell_inner\">\n<div class=\"bt_bb_row \" data-bt-override-class=\"{}\" data-structure=\"12\">\n<div class=\"bt_bb_row_holder\">\n<div class=\"bt_bb_column col-xxl-12 col-xl-12 col-xs-12 col-sm-12 col-md-12 col-lg-12 bt_bb_vertical_align_top bt_bb_align_left bt_bb_padding_normal\" data-bb-version=\"5.5.9\" data-width=\"12\" data-bt-override-class=\"{}\">\n<div class=\"bt_bb_column_content\">\n<div class=\"bt_bb_column_content_inner\">\n<div class=\"bt_bb_separator bt_bb_border_style_none bt_bb_top_spacing_extra_small bt_bb_bottom_spacing_extra_small\" data-bb-version=\"5.5.9\" data-bt-override-class=\"{&quot;bt_bb_top_spacing_&quot;:{&quot;current_class&quot;:&quot;bt_bb_top_spacing_extra_small&quot;,&quot;def&quot;:&quot;extra_small&quot;},&quot;bt_bb_bottom_spacing_&quot;:{&quot;current_class&quot;:&quot;bt_bb_bottom_spacing_extra_small&quot;,&quot;def&quot;:&quot;extra_small&quot;}}\">\u00a0<\/div>\n<\/div>\n<\/div>\n<\/div>\n<\/div>\n<\/div>\n<\/div>\n<\/div>\n<\/div>\n<\/section>\n<section id=\"bt_bb_section698326715a316\" class=\"bt_bb_section bt_bb_layout_boxed_1200\" data-bb-version=\"5.5.9\" data-bt-override-class=\"null\">\n<div class=\"bt_bb_port\">\n<div class=\"bt_bb_cell\">\n<div class=\"bt_bb_cell_inner\">\n<div class=\"bt_bb_row \" data-bt-override-class=\"{}\" data-structure=\"12\">\n<div class=\"bt_bb_row_holder\">\n<div class=\"bt_bb_column col-xxl-12 col-xl-12 col-xs-12 col-sm-12 col-md-12 col-lg-12 bt_bb_vertical_align_top bt_bb_align_left bt_bb_padding_normal\" data-bb-version=\"5.5.9\" data-width=\"12\" data-bt-override-class=\"{}\">\n<div class=\"bt_bb_column_content\">\n<div class=\"bt_bb_column_content_inner\">\n<div class=\"bt_bb_text\" data-bb-version=\"5.5.9\">\n<p>In den ersten 6 Wochen der Sommerferien sowie an den gesetzlichen Feiertagen in NRW findet kein regul\u00e4res Training statt! In der Sommersaison 2026 gilt dies f\u00fcr die folgenden Tage und Zeitr\u00e4ume:<\/p>\n<p>01.05.2026 Tag der Arbeit<\/p>\n<p>14.05.2026 Christi Himmelfahrt<\/p>\n<p>25.05.2026 Pfingstmontag<\/p>\n<p>04.06.2026 Fronleichman<\/p>\n<p>20.07.2026 \u2013 30.08.2026 Sommerferien<\/p>\n<p>\u00a0<\/p>\n<p>Sollten der Umbau der Pl\u00e4tze direkt nach den Osterferien noch nicht abgeschlossen sein und wir deshalb in der Woche nach den Osterferien (KW 16) nicht auf den Pl\u00e4tzen trainieren k\u00f6nnen, wird \u2013 sofern sich keine andere sinnvolle L\u00f6sung in einer Gruppe finden l\u00e4sst \u2013 f\u00fcr diese eine Woche ein entsprechender Betrag zur\u00fcckerstattet. Gleiches gilt f\u00fcr die Trainingstermine an den Feiertagen.<span class=\"Apple-converted-space\">\u00a0<\/span><\/p>\n<\/div>\n<\/div>\n<\/div>\n<\/div>\n<\/div>\n<\/div>\n<\/div>\n<\/div>\n<\/div>\n<\/section>\n<\/div><\/div><\/div><\/div><\/div><\/div><\/div><!-- cell_inner --><\/div><!-- cell --><\/div><!-- port --><\/section>\n","protected":false},"excerpt":{"rendered":"","protected":false},"author":6,"featured_media":0,"parent":0,"menu_order":0,"comment_status":"closed","ping_status":"closed","template":"","meta":{"_acf_changed":false,"footnotes":""},"class_list":["post-17679","page","type-page","status-publish","hentry"],"acf":[],"_links":{"self":[{"href":"https:\/\/lesc-sport.de\/location-teremeer\/wp-json\/wp\/v2\/pages\/17679","targetHints":{"allow":["GET"]}}],"collection":[{"href":"https:\/\/lesc-sport.de\/location-teremeer\/wp-json\/wp\/v2\/pages"}],"about":[{"href":"https:\/\/lesc-sport.de\/location-teremeer\/wp-json\/wp\/v2\/types\/page"}],"author":[{"embeddable":true,"href":"https:\/\/lesc-sport.de\/location-teremeer\/wp-json\/wp\/v2\/users\/6"}],"replies":[{"embeddable":true,"href":"https:\/\/lesc-sport.de\/location-teremeer\/wp-json\/wp\/v2\/comments?post=17679"}],"version-history":[{"count":1,"href":"https:\/\/lesc-sport.de\/location-teremeer\/wp-json\/wp\/v2\/pages\/17679\/revisions"}],"predecessor-version":[{"id":17680,"href":"https:\/\/lesc-sport.de\/location-teremeer\/wp-json\/wp\/v2\/pages\/17679\/revisions\/17680"}],"wp:attachment":[{"href":"https:\/\/lesc-sport.de\/location-teremeer\/wp-json\/wp\/v2\/media?parent=17679"}],"curies":[{"name":"wp","href":"https:\/\/api.w.org\/{rel}","templated":true}]}}