{"id":15801,"date":"2025-10-22T22:27:50","date_gmt":"2025-10-22T20:27:50","guid":{"rendered":"https:\/\/lesc-sport.de\/location-teremeer\/?page_id=15801"},"modified":"2025-10-22T22:27:50","modified_gmt":"2025-10-22T20:27:50","slug":"training-gutschein","status":"publish","type":"page","link":"https:\/\/lesc-sport.de\/location-teremeer\/training-gutschein\/","title":{"rendered":"Training-Gutschein"},"content":{"rendered":"<section data-bb-version=\"5.4.7\" id=\"bt_bb_section69ea0999b055a\" class=\"bt_bb_section bt_bb_layout_boxed_1200\"  data-bt-override-class=\"null\"><div class=\"bt_bb_port\"><div class=\"bt_bb_cell\"><div class=\"bt_bb_cell_inner\"><div class=\"bt_bb_row \"  data-bt-override-class=\"{}\"><div class=\"bt_bb_row_holder\" ><div data-bb-version=\"5.4.7\"  class=\"bt_bb_column col-xxl-12 col-xl-12 col-xs-12 col-sm-12 col-md-12 col-lg-12 bt_bb_vertical_align_top bt_bb_align_left bt_bb_padding_normal\" style=\"; --column-width:12;\" data-width=\"12\" data-bt-override-class=\"{}\"><div class=\"bt_bb_column_content\"><div class=\"bt_bb_column_content_inner\"><div class=\"bt_bb_shortcode\"><div class=\"wpforms-container wpforms-container-full\" id=\"wpforms-15786\"><form id=\"wpforms-form-15786\" class=\"wpforms-validate wpforms-form wpforms-ajax-form\" data-formid=\"15786\" method=\"post\" enctype=\"multipart\/form-data\" action=\"\/location-teremeer\/wp-json\/wp\/v2\/pages\/15801\" data-token=\"90dca030c9d37c3c5ee0c692639a2aea\" data-token-time=\"1776945561\"><noscript class=\"wpforms-error-noscript\">Please enable JavaScript in your browser to complete this form.<\/noscript><div class=\"wpforms-field-container\"><div id=\"wpforms-15786-field_9-container\" class=\"wpforms-field wpforms-field-name\" data-field-id=\"9\"><label class=\"wpforms-field-label\">Full Name (Name des Gutscheinbuchers) <span class=\"wpforms-required-label\">*<\/span><\/label><div class=\"wpforms-field-row wpforms-field-medium\"><div class=\"wpforms-field-row-block wpforms-first wpforms-one-half\"><input type=\"text\" id=\"wpforms-15786-field_9\" class=\"wpforms-field-name-first wpforms-field-required\" name=\"wpforms[fields][9][first]\" required><label for=\"wpforms-15786-field_9\" class=\"wpforms-field-sublabel after\">First<\/label><\/div><div class=\"wpforms-field-row-block wpforms-one-half\"><input type=\"text\" id=\"wpforms-15786-field_9-last\" class=\"wpforms-field-name-last wpforms-field-required\" name=\"wpforms[fields][9][last]\" required><label for=\"wpforms-15786-field_9-last\" class=\"wpforms-field-sublabel after\">Last<\/label><\/div><\/div><\/div><div id=\"wpforms-15786-field_15-container\" class=\"wpforms-field wpforms-field-text\" data-field-id=\"15\"><label class=\"wpforms-field-label\" for=\"wpforms-15786-field_15\">Adresse <span class=\"wpforms-required-label\">*<\/span><\/label><input type=\"text\" id=\"wpforms-15786-field_15\" class=\"wpforms-field-medium wpforms-field-required\" name=\"wpforms[fields][15]\" required><\/div><div id=\"wpforms-15786-field_21-container\" class=\"wpforms-field wpforms-field-text\" data-field-id=\"21\"><label class=\"wpforms-field-label\" for=\"wpforms-15786-field_21\">Zip Code <span class=\"wpforms-required-label\">*<\/span><\/label><input type=\"text\" id=\"wpforms-15786-field_21\" class=\"wpforms-field-medium wpforms-field-required\" name=\"wpforms[fields][21]\" required><\/div><div id=\"wpforms-15786-field_16-container\" class=\"wpforms-field wpforms-field-text\" data-field-id=\"16\"><label class=\"wpforms-field-label\" for=\"wpforms-15786-field_16\">City <span class=\"wpforms-required-label\">*<\/span><\/label><input type=\"text\" id=\"wpforms-15786-field_16\" class=\"wpforms-field-medium wpforms-field-required\" name=\"wpforms[fields][16]\" required><\/div><div id=\"wpforms-15786-field_10-container\" class=\"wpforms-field wpforms-field-email\" data-field-id=\"10\"><label class=\"wpforms-field-label\" for=\"wpforms-15786-field_10\">E-mail  <span class=\"wpforms-required-label\">*<\/span><\/label><input type=\"email\" id=\"wpforms-15786-field_10\" class=\"wpforms-field-medium wpforms-field-required\" name=\"wpforms[fields][10]\" spellcheck=\"false\" required><\/div><div id=\"wpforms-15786-field_12-container\" class=\"wpforms-field wpforms-field-phone\" data-field-id=\"12\"><label class=\"wpforms-field-label\" for=\"wpforms-15786-field_12\">Phone <span class=\"wpforms-required-label\">*<\/span><\/label><input type=\"tel\" id=\"wpforms-15786-field_12\" class=\"wpforms-field-medium wpforms-field-required wpforms-smart-phone-field\" data-rule-smart-phone-field=\"true\" name=\"wpforms[fields][12]\" aria-label=\"Phone\" required><\/div><div id=\"wpforms-15786-field_23-container\" class=\"wpforms-field wpforms-field-name\" data-field-id=\"23\"><label class=\"wpforms-field-label\">Gutschein f\u00fcr <span class=\"wpforms-required-label\">*<\/span><\/label><div class=\"wpforms-field-row wpforms-field-medium\"><div class=\"wpforms-field-row-block wpforms-first wpforms-one-half\"><input type=\"text\" id=\"wpforms-15786-field_23\" class=\"wpforms-field-name-first wpforms-field-required\" name=\"wpforms[fields][23][first]\" required><label for=\"wpforms-15786-field_23\" class=\"wpforms-field-sublabel after\">First<\/label><\/div><div class=\"wpforms-field-row-block wpforms-one-half\"><input type=\"text\" id=\"wpforms-15786-field_23-last\" class=\"wpforms-field-name-last wpforms-field-required\" name=\"wpforms[fields][23][last]\" required><label for=\"wpforms-15786-field_23-last\" class=\"wpforms-field-sublabel after\">Last<\/label><\/div><\/div><\/div>\t\t<div id=\"wpforms-15786-field_7-container\"\n\t\t\tclass=\"wpforms-field wpforms-field-text\"\n\t\t\tdata-field-type=\"text\"\n\t\t\tdata-field-id=\"7\"\n\t\t\t>\n\t\t\t<label class=\"wpforms-field-label\" for=\"wpforms-15786-field_7\" >City Gutschein Name<\/label>\n\t\t\t<input type=\"text\" id=\"wpforms-15786-field_7\" class=\"wpforms-field-medium\" name=\"wpforms[fields][7]\" >\n\t\t<\/div>\n\t\t<div id=\"wpforms-15786-field_25-container\" class=\"wpforms-field wpforms-field-checkbox\" data-field-id=\"25\"><label class=\"wpforms-field-label\">Zielgruppe <span class=\"wpforms-required-label\">*<\/span><\/label><ul id=\"wpforms-15786-field_25\" class=\"wpforms-field-required\" data-choice-limit=\"1\"><li class=\"choice-1 depth-1\"><input type=\"checkbox\" id=\"wpforms-15786-field_25_1\" data-rule-check-limit=\"true\" name=\"wpforms[fields][25][]\" value=\"Jugend\" required ><label class=\"wpforms-field-label-inline\" for=\"wpforms-15786-field_25_1\">Jugend<\/label><\/li><li class=\"choice-2 depth-1\"><input type=\"checkbox\" id=\"wpforms-15786-field_25_2\" data-rule-check-limit=\"true\" name=\"wpforms[fields][25][]\" value=\"Erwachsene\" required ><label class=\"wpforms-field-label-inline\" for=\"wpforms-15786-field_25_2\">Erwachsene<\/label><\/li><\/ul><\/div><div id=\"wpforms-15786-field_26-container\" class=\"wpforms-field wpforms-field-text\" data-field-id=\"26\"><label class=\"wpforms-field-label\" for=\"wpforms-15786-field_26\">Geburtsdatum <span class=\"wpforms-required-label\">*<\/span><\/label><input type=\"text\" id=\"wpforms-15786-field_26\" class=\"wpforms-field-medium wpforms-field-required\" name=\"wpforms[fields][26]\" placeholder=\"30-12-1976\" required><\/div><div id=\"wpforms-15786-field_13-container\" class=\"wpforms-field wpforms-field-checkbox wpforms-list-inline\" data-field-id=\"13\"><label class=\"wpforms-field-label\">Clubmitglied  <span class=\"wpforms-required-label\">*<\/span><\/label><ul id=\"wpforms-15786-field_13\" class=\"wpforms-field-required\"><li class=\"choice-1 depth-1\"><input type=\"checkbox\" id=\"wpforms-15786-field_13_1\" name=\"wpforms[fields][13][]\" value=\"Ja\" required ><label class=\"wpforms-field-label-inline\" for=\"wpforms-15786-field_13_1\">Ja<\/label><\/li><li class=\"choice-2 depth-1\"><input type=\"checkbox\" id=\"wpforms-15786-field_13_2\" name=\"wpforms[fields][13][]\" value=\"Nein\" required ><label class=\"wpforms-field-label-inline\" for=\"wpforms-15786-field_13_2\">Nein<\/label><\/li><\/ul><\/div><div id=\"wpforms-15786-field_19-container\" class=\"wpforms-field wpforms-field-checkbox wpforms-list-inline\" data-field-id=\"19\"><label class=\"wpforms-field-label\">Anzahl der Trainingseinheiten (Einzeltraining pro Stunde 65,00 \u20ac) <span class=\"wpforms-required-label\">*<\/span><\/label><ul id=\"wpforms-15786-field_19\" class=\"wpforms-field-required\" data-choice-limit=\"1\"><li class=\"choice-1 depth-1\"><input type=\"checkbox\" id=\"wpforms-15786-field_19_1\" data-rule-check-limit=\"true\" name=\"wpforms[fields][19][]\" value=\"1\" required ><label class=\"wpforms-field-label-inline\" for=\"wpforms-15786-field_19_1\">1<\/label><\/li><li class=\"choice-2 depth-1\"><input type=\"checkbox\" id=\"wpforms-15786-field_19_2\" data-rule-check-limit=\"true\" name=\"wpforms[fields][19][]\" value=\"2\" required ><label class=\"wpforms-field-label-inline\" for=\"wpforms-15786-field_19_2\">2<\/label><\/li><li class=\"choice-3 depth-1\"><input type=\"checkbox\" id=\"wpforms-15786-field_19_3\" data-rule-check-limit=\"true\" name=\"wpforms[fields][19][]\" value=\"3\" required ><label class=\"wpforms-field-label-inline\" for=\"wpforms-15786-field_19_3\">3<\/label><\/li><li class=\"choice-4 depth-1\"><input type=\"checkbox\" id=\"wpforms-15786-field_19_4\" data-rule-check-limit=\"true\" name=\"wpforms[fields][19][]\" value=\"4\" required ><label class=\"wpforms-field-label-inline\" for=\"wpforms-15786-field_19_4\">4<\/label><\/li><li class=\"choice-5 depth-1\"><input type=\"checkbox\" id=\"wpforms-15786-field_19_5\" data-rule-check-limit=\"true\" name=\"wpforms[fields][19][]\" value=\"5\" required ><label class=\"wpforms-field-label-inline\" for=\"wpforms-15786-field_19_5\">5<\/label><\/li><\/ul><\/div><div id=\"wpforms-15786-field_14-container\" class=\"wpforms-field wpforms-field-text\" data-field-id=\"14\"><label class=\"wpforms-field-label\" for=\"wpforms-15786-field_14\">Notiz<\/label><input type=\"text\" id=\"wpforms-15786-field_14\" class=\"wpforms-field-medium\" name=\"wpforms[fields][14]\" ><\/div><div id=\"wpforms-15786-field_11-container\" class=\"wpforms-field wpforms-field-checkbox wpforms-list-inline\" data-field-id=\"11\"><label class=\"wpforms-field-label\">Wie haben Sie unsere Tennisschule gefunden?  <span class=\"wpforms-required-label\">*<\/span><\/label><ul id=\"wpforms-15786-field_11\" class=\"wpforms-field-required\"><li class=\"choice-1 depth-1\"><input type=\"checkbox\" id=\"wpforms-15786-field_11_1\" name=\"wpforms[fields][11][]\" value=\"Website\" required ><label class=\"wpforms-field-label-inline\" for=\"wpforms-15786-field_11_1\">Website<\/label><\/li><li class=\"choice-2 depth-1\"><input type=\"checkbox\" id=\"wpforms-15786-field_11_2\" name=\"wpforms[fields][11][]\" value=\"Facebook\/Instagram\" required ><label class=\"wpforms-field-label-inline\" for=\"wpforms-15786-field_11_2\">Facebook\/Instagram<\/label><\/li><li class=\"choice-3 depth-1\"><input type=\"checkbox\" id=\"wpforms-15786-field_11_3\" name=\"wpforms[fields][11][]\" value=\"Tennis Verein\" required ><label class=\"wpforms-field-label-inline\" for=\"wpforms-15786-field_11_3\">Tennis Verein<\/label><\/li><li class=\"choice-4 depth-1\"><input type=\"checkbox\" id=\"wpforms-15786-field_11_4\" name=\"wpforms[fields][11][]\" value=\"De Trainer\" required ><label class=\"wpforms-field-label-inline\" for=\"wpforms-15786-field_11_4\">De Trainer<\/label><\/li><li class=\"choice-5 depth-1\"><input type=\"checkbox\" id=\"wpforms-15786-field_11_5\" name=\"wpforms[fields][11][]\" value=\"Andere Weise:\" required ><label class=\"wpforms-field-label-inline\" for=\"wpforms-15786-field_11_5\">Andere Weise:<\/label><\/li><\/ul><\/div><div id=\"wpforms-15786-field_20-container\" class=\"wpforms-field wpforms-field-divider\" data-field-id=\"20\"><\/div><div id=\"wpforms-15786-field_4-container\" class=\"wpforms-field wpforms-field-content\" data-field-id=\"4\"><div id=\"wpforms-15786-field_4\" class=\"wpforms-field-medium wpforms-field-row\"><h5>SEPA-Lastschriftmandat<\/h5>\n<p>Zahlungsdetails:<\/p>\n<p>Lastschrift f\u00fcr Life &amp; Sport Culture: Der Unterzeichner erm\u00e4chtigt Life &amp; Sport Culture, die Studiengeb\u00fchr per Lastschrift abzubuchen.<\/p>\n<div class=\"wpforms-field-content-display-frontend-clear\"><\/div><\/div><\/div><div id=\"wpforms-15786-field_1-container\" class=\"wpforms-field wpforms-field-text\" data-field-id=\"1\"><label class=\"wpforms-field-label\" for=\"wpforms-15786-field_1\">Vorname und Name Kontoinhaber\/in<\/label><input type=\"text\" id=\"wpforms-15786-field_1\" class=\"wpforms-field-medium\" name=\"wpforms[fields][1]\" ><\/div><div id=\"wpforms-15786-field_2-container\" class=\"wpforms-field wpforms-field-text\" data-field-id=\"2\"><label class=\"wpforms-field-label\" for=\"wpforms-15786-field_2\">IBAN<\/label><input type=\"text\" id=\"wpforms-15786-field_2\" class=\"wpforms-field-medium\" name=\"wpforms[fields][2]\" ><div class=\"wpforms-field-description\">0 von maximal 22 Zeichen.<\/div><\/div><div id=\"wpforms-15786-field_3-container\" class=\"wpforms-field wpforms-field-text\" data-field-id=\"3\"><label class=\"wpforms-field-label\" for=\"wpforms-15786-field_3\">Name Bank<\/label><input type=\"text\" id=\"wpforms-15786-field_3\" class=\"wpforms-field-medium\" name=\"wpforms[fields][3]\" ><\/div><div id=\"wpforms-15786-field_5-container\" class=\"wpforms-field wpforms-field-date-time\" data-field-id=\"5\"><label class=\"wpforms-field-label\" for=\"wpforms-15786-field_5\">Datum der Mandatsunterschrift<\/label><div class=\"wpforms-datepicker-wrap\"><input type=\"text\" id=\"wpforms-15786-field_5\" class=\"wpforms-field-date-time-date wpforms-datepicker wpforms-field-small\" data-date-format=\"d\/m\/Y\" data-disable-past-dates=\"0\" data-input=\"true\" name=\"wpforms[fields][5][date]\" ><a title=\"Clear Date\" data-clear role=\"button\" tabindex=\"0\" class=\"wpforms-datepicker-clear\" aria-label=\"Clear Date\" style=\"display:none;\"><\/a><\/div><\/div><div id=\"wpforms-15786-field_6-container\" class=\"wpforms-field wpforms-field-content\" data-field-id=\"6\"><div id=\"wpforms-15786-field_6\" class=\"wpforms-field-medium wpforms-field-row\"><p>Bei der Angabe der Kontonummer erteilt man eine Erlaubnis f\u00fcr eine automatische Lastschrift des f\u00e4lligen Betrags. Der Betrag wird am Ende des Training cyclus abgebucht.<\/p>\n<p>Gl\u00e4ubiger-Identifikationsnummer: DE17ZZZ00002737488<\/p>\n<div class=\"wpforms-field-content-display-frontend-clear\"><\/div><\/div><\/div><script>\n\t\t\t\t( function() {\n\t\t\t\t\tconst style = document.createElement( 'style' );\n\t\t\t\t\tstyle.appendChild( document.createTextNode( '#wpforms-15786-field_7-container { position: absolute !important; overflow: hidden !important; display: inline !important; height: 1px !important; width: 1px !important; z-index: -1000 !important; padding: 0 !important; } #wpforms-15786-field_7-container input { visibility: hidden; } #wpforms-conversational-form-page #wpforms-15786-field_7-container label { counter-increment: none; }' ) );\n\t\t\t\t\tdocument.head.appendChild( style );\n\t\t\t\t\tdocument.currentScript?.remove();\n\t\t\t\t} )();\n\t\t\t<\/script><\/div><!-- .wpforms-field-container --><div class=\"wpforms-recaptcha-container wpforms-is-recaptcha wpforms-is-recaptcha-type-v3\" ><input type=\"hidden\" name=\"wpforms[recaptcha]\" value=\"\"><\/div><div class=\"wpforms-submit-container\" ><input type=\"hidden\" name=\"wpforms[id]\" value=\"15786\"><input type=\"hidden\" name=\"page_title\" value=\"\"><input type=\"hidden\" name=\"page_url\" value=\"https:\/\/lesc-sport.de\/location-teremeer\/wp-json\/wp\/v2\/pages\/15801\"><input type=\"hidden\" name=\"url_referer\" value=\"\"><button type=\"submit\" name=\"wpforms[submit]\" id=\"wpforms-submit-15786\" class=\"wpforms-submit\" data-alt-text=\"Versend...\" data-submit-text=\"Versenden\" aria-live=\"assertive\" value=\"wpforms-submit\">Versenden<\/button><img loading=\"lazy\" decoding=\"async\" src=\"https:\/\/lesc-sport.de\/location-teremeer\/wp-content\/plugins\/wpforms\/assets\/images\/submit-spin.svg\" class=\"wpforms-submit-spinner\" style=\"display: none;\" width=\"26\" height=\"26\" alt=\"Loading\"><\/div><\/form><\/div>  <!-- .wpforms-container --><\/div><\/div><\/div><\/div><\/div><\/div><\/div><!-- cell_inner --><\/div><!-- cell --><\/div><!-- port --><\/section>\n","protected":false},"excerpt":{"rendered":"","protected":false},"author":6,"featured_media":0,"parent":0,"menu_order":0,"comment_status":"closed","ping_status":"closed","template":"","meta":{"_acf_changed":false,"footnotes":""},"class_list":["post-15801","page","type-page","status-publish","hentry"],"acf":[],"_links":{"self":[{"href":"https:\/\/lesc-sport.de\/location-teremeer\/wp-json\/wp\/v2\/pages\/15801","targetHints":{"allow":["GET"]}}],"collection":[{"href":"https:\/\/lesc-sport.de\/location-teremeer\/wp-json\/wp\/v2\/pages"}],"about":[{"href":"https:\/\/lesc-sport.de\/location-teremeer\/wp-json\/wp\/v2\/types\/page"}],"author":[{"embeddable":true,"href":"https:\/\/lesc-sport.de\/location-teremeer\/wp-json\/wp\/v2\/users\/6"}],"replies":[{"embeddable":true,"href":"https:\/\/lesc-sport.de\/location-teremeer\/wp-json\/wp\/v2\/comments?post=15801"}],"version-history":[{"count":1,"href":"https:\/\/lesc-sport.de\/location-teremeer\/wp-json\/wp\/v2\/pages\/15801\/revisions"}],"predecessor-version":[{"id":15802,"href":"https:\/\/lesc-sport.de\/location-teremeer\/wp-json\/wp\/v2\/pages\/15801\/revisions\/15802"}],"wp:attachment":[{"href":"https:\/\/lesc-sport.de\/location-teremeer\/wp-json\/wp\/v2\/media?parent=15801"}],"curies":[{"name":"wp","href":"https:\/\/api.w.org\/{rel}","templated":true}]}}